{"id":982,"date":"2025-03-14T23:56:42","date_gmt":"2025-03-14T20:56:42","guid":{"rendered":"https:\/\/gulergroupinsaat.com\/?page_id=982"},"modified":"2025-06-23T10:48:14","modified_gmt":"2025-06-23T07:48:14","slug":"odullerimiz","status":"publish","type":"page","link":"https:\/\/gulergroupinsaat.com\/en\/odullerimiz\/","title":{"rendered":"Our Awards"},"content":{"rendered":"<div class=\"vc_row wpb_row vc_custom_1741985668890 porto-inner-container\"><div class=\"porto-wrap-container container\"><div class=\"row align-items-center\"><div class=\"mb-5 mb-lg-0 vc_column_container col-md-6 col-lg-6\"><div class=\"wpb_wrapper vc_column-inner\"><h2 style=\"font-size: 25px;line-height: 1.3;font-weight:900\" data-appear-animation=\"fadeInUp\" data-appear-animation-delay=\"250\" class=\"vc_custom_heading mb-3 ls-negative-1 align-left\">MOST SUCCESSFUL PROJECT DESIGN COMPANY OF THE YEAR<\/h2><p style=\"font-weight:600\" data-appear-animation=\"fadeInUp\" class=\"vc_custom_heading mb-0 align-left text-uppercase heading-primary\">G\u00dcLER GROUP INSAAT<\/p><p style=\"font-size: 16.8px;line-height: 1.9\" data-appear-animation=\"fadeInUp\" data-appear-animation-delay=\"500\" class=\"vc_custom_heading pe-5 vc_custom_1741986764450 align-left\">At the International Achievement and Career Awards, one of the most prestigious organizations of the business world, our company won the \u201cMost Successful Project Design Company of the Year\u201d award, proving once again our pioneering and innovative position in the sector.<\/p><p style=\"font-size: 16.8px;line-height: 1.9\" data-appear-animation=\"fadeInUp\" data-appear-animation-delay=\"500\" class=\"vc_custom_heading pe-5 vc_custom_1741986774636 align-left\">This prestigious award was given to us thanks to our creative vision, strong teamwork and the successful projects we have realized. We continue to make a difference with our projects that always prioritize customer satisfaction and combine aesthetics and functionality.<\/p><p style=\"font-size: 16.8px;line-height: 1.9\" data-appear-animation=\"fadeInUp\" data-appear-animation-delay=\"500\" class=\"vc_custom_heading pe-5 vc_custom_1741986782993 align-left\">This valuable award is not only an indication of the trust placed in us, but also increases our responsibility. We will continue to strengthen our leading position in the sector by continuing to produce innovative, high quality and sustainable projects.<\/p><\/div><\/div><div class=\"vc_column_container col-md-6\"><div class=\"wpb_wrapper vc_column-inner\">\n\t<div class=\"wpb_single_image wpb_content_element vc_align_center\">\n\t\t<div class=\"wpb_wrapper\">\n\t\t\t\n\t\t\t<div class=\"vc_single_image-wrapper vc_box_shadow_border  vc_box_border_grey\"><img decoding=\"async\" width=\"1107\" height=\"799\" src=\"https:\/\/gulergroupinsaat.com\/wp-content\/uploads\/2025\/06\/proje-tasarim.jpeg\" class=\"vc_single_image-img attachment-full\" alt=\"\" srcset=\"https:\/\/gulergroupinsaat.com\/wp-content\/uploads\/2025\/06\/proje-tasarim.jpeg 1107w, https:\/\/gulergroupinsaat.com\/wp-content\/uploads\/2025\/06\/proje-tasarim-1024x739.jpeg 1024w, https:\/\/gulergroupinsaat.com\/wp-content\/uploads\/2025\/06\/proje-tasarim-768x554.jpeg 768w, https:\/\/gulergroupinsaat.com\/wp-content\/uploads\/2025\/06\/proje-tasarim-640x462.jpeg 640w, https:\/\/gulergroupinsaat.com\/wp-content\/uploads\/2025\/06\/proje-tasarim-400x289.jpeg 400w, https:\/\/gulergroupinsaat.com\/wp-content\/uploads\/2025\/06\/proje-tasarim-367x265.jpeg 367w\" sizes=\"(max-width: 1107px) 100vw, 1107px\" \/><\/div>\n\t\t<\/div>\n\t<\/div>\n<\/div><\/div><\/div><\/div><\/div><div class=\"vc_column_container col-md-12\"><div class=\"wpb_wrapper vc_column-inner\"><\/div><\/div><div class=\"order-2 order-xl-1 mb-4 mb-lg-0 vc_column_container col-md-12 col-xl-4 col-lg-6\"><div class=\"wpb_wrapper vc_column-inner\"><\/div><\/div><div class=\"vc_column_container col-md-12 col-xl-4 col-lg-7\"><div class=\"wpb_wrapper vc_column-inner\"><\/div><\/div><style>#porto-info-list166170799169e4849d1ed92 i { color: #777777;font-size: 11.2px; }<\/style><ul id=\"porto-info-list166170799169e4849d1ed92\" class=\"porto-info-list text-color-light\"><\/ul>","protected":false},"excerpt":{"rendered":"YILIN EN BA\u015eARILI PROJE TASARIM \u015e\u0130RKET\u0130G\u00dcLER GROUP \u0130N\u015eAATUluslararas\u0131 platformda d\u00fczenlenen ve i\u015f d\u00fcnyas\u0131n\u0131n en prestijli organizasyonlar\u0131ndan biri olan \"Uluslararas\u0131 Ba\u015far\u0131 ve Kariyer \u00d6d\u00fclleri\" gecesinde, \u015firketimiz \"Y\u0131l\u0131n En Ba\u015far\u0131l\u0131 Proje Tasar\u0131m \u015eirketi\" \u00f6d\u00fcl\u00fcn\u00fc kazanarak, sekt\u00f6rdeki \u00f6nc\u00fc ve yenilik\u00e7i konumumuzu bir kez daha kan\u0131tlad\u0131.Bu prestijli \u00f6d\u00fcl, yarat\u0131c\u0131 vizyonumuz, g\u00fc\u00e7l\u00fc ekip \u00e7al\u0131\u015fmam\u0131z ve hayata ge\u00e7irdi\u011fimiz ba\u015far\u0131l\u0131 projeler sayesinde [...]","protected":false},"author":1,"featured_media":0,"parent":0,"menu_order":0,"comment_status":"closed","ping_status":"closed","template":"","meta":{"footnotes":""},"class_list":["post-982","page","type-page","status-publish","hentry"],"yoast_head":"<!-- This site is optimized with the Yoast SEO plugin v22.5 - https:\/\/yoast.com\/wordpress\/plugins\/seo\/ -->\n<title>\u00d6d\u00fcllerimiz - G\u00fcler Group<\/title>\n<meta name=\"robots\" content=\"index, follow, max-snippet:-1, max-image-preview:large, max-video-preview:-1\" \/>\n<link rel=\"canonical\" href=\"https:\/\/gulergroupinsaat.com\/en\/odullerimiz\/\" \/>\n<meta property=\"og:locale\" content=\"en_GB\" \/>\n<meta property=\"og:type\" content=\"article\" \/>\n<meta property=\"og:title\" content=\"\u00d6d\u00fcllerimiz - G\u00fcler Group\" \/>\n<meta property=\"og:url\" content=\"https:\/\/gulergroupinsaat.com\/en\/odullerimiz\/\" \/>\n<meta property=\"og:site_name\" content=\"G\u00fcler Group\" \/>\n<meta property=\"article:modified_time\" content=\"2025-06-23T07:48:14+00:00\" \/>\n<meta property=\"og:image\" content=\"https:\/\/gulergroupinsaat.com\/wp-content\/uploads\/2024\/03\/lohoo.png\" \/>\n\t<meta property=\"og:image:width\" content=\"794\" \/>\n\t<meta property=\"og:image:height\" content=\"409\" \/>\n\t<meta property=\"og:image:type\" content=\"image\/png\" \/>\n<meta name=\"twitter:card\" content=\"summary_large_image\" \/>\n<meta name=\"twitter:label1\" content=\"Estimated reading time\" \/>\n\t<meta name=\"twitter:data1\" content=\"2 minutes\" \/>\n<script type=\"application\/ld+json\" class=\"yoast-schema-graph\">{\"@context\":\"https:\/\/schema.org\",\"@graph\":[{\"@type\":\"WebPage\",\"@id\":\"https:\/\/gulergroupinsaat.com\/odullerimiz\/\",\"url\":\"https:\/\/gulergroupinsaat.com\/odullerimiz\/\",\"name\":\"\u00d6d\u00fcllerimiz - G\u00fcler Group\",\"isPartOf\":{\"@id\":\"https:\/\/gulergroupinsaat.com\/#website\"},\"datePublished\":\"2025-03-14T20:56:42+00:00\",\"dateModified\":\"2025-06-23T07:48:14+00:00\",\"breadcrumb\":{\"@id\":\"https:\/\/gulergroupinsaat.com\/odullerimiz\/#breadcrumb\"},\"inLanguage\":\"en-GB\",\"potentialAction\":[{\"@type\":\"ReadAction\",\"target\":[\"https:\/\/gulergroupinsaat.com\/odullerimiz\/\"]}]},{\"@type\":\"BreadcrumbList\",\"@id\":\"https:\/\/gulergroupinsaat.com\/odullerimiz\/#breadcrumb\",\"itemListElement\":[{\"@type\":\"ListItem\",\"position\":1,\"name\":\"Anasayfa\",\"item\":\"https:\/\/gulergroupinsaat.com\/\"},{\"@type\":\"ListItem\",\"position\":2,\"name\":\"\u00d6d\u00fcllerimiz\"}]},{\"@type\":\"WebSite\",\"@id\":\"https:\/\/gulergroupinsaat.com\/#website\",\"url\":\"https:\/\/gulergroupinsaat.com\/\",\"name\":\"G\u00fcler Group\",\"description\":\"\",\"publisher\":{\"@id\":\"https:\/\/gulergroupinsaat.com\/#organization\"},\"potentialAction\":[{\"@type\":\"SearchAction\",\"target\":{\"@type\":\"EntryPoint\",\"urlTemplate\":\"https:\/\/gulergroupinsaat.com\/?s={search_term_string}\"},\"query-input\":\"required name=search_term_string\"}],\"inLanguage\":\"en-GB\"},{\"@type\":\"Organization\",\"@id\":\"https:\/\/gulergroupinsaat.com\/#organization\",\"name\":\"G\u00fcler Group\",\"url\":\"https:\/\/gulergroupinsaat.com\/\",\"logo\":{\"@type\":\"ImageObject\",\"inLanguage\":\"en-GB\",\"@id\":\"https:\/\/gulergroupinsaat.com\/#\/schema\/logo\/image\/\",\"url\":\"https:\/\/gulergroupinsaat.com\/wp-content\/uploads\/2024\/03\/lohoo.png\",\"contentUrl\":\"https:\/\/gulergroupinsaat.com\/wp-content\/uploads\/2024\/03\/lohoo.png\",\"width\":794,\"height\":409,\"caption\":\"G\u00fcler Group\"},\"image\":{\"@id\":\"https:\/\/gulergroupinsaat.com\/#\/schema\/logo\/image\/\"},\"sameAs\":[\"https:\/\/www.instagram.com\/groupguler?igsh=MTd5MGxjd2Q4amE2NQ\",\"https:\/\/www.linkedin.com\/company\/gler-group\/\"]}]}<\/script>\n<!-- \/ Yoast SEO plugin. -->","yoast_head_json":{"title":"\u00d6d\u00fcllerimiz - G\u00fcler Group","robots":{"index":"index","follow":"follow","max-snippet":"max-snippet:-1","max-image-preview":"max-image-preview:large","max-video-preview":"max-video-preview:-1"},"canonical":"https:\/\/gulergroupinsaat.com\/en\/odullerimiz\/","og_locale":"en_GB","og_type":"article","og_title":"\u00d6d\u00fcllerimiz - G\u00fcler Group","og_url":"https:\/\/gulergroupinsaat.com\/en\/odullerimiz\/","og_site_name":"G\u00fcler Group","article_modified_time":"2025-06-23T07:48:14+00:00","og_image":[{"width":794,"height":409,"url":"https:\/\/gulergroupinsaat.com\/wp-content\/uploads\/2024\/03\/lohoo.png","type":"image\/png"}],"twitter_card":"summary_large_image","twitter_misc":{"Estimated reading time":"2 minutes"},"schema":{"@context":"https:\/\/schema.org","@graph":[{"@type":"WebPage","@id":"https:\/\/gulergroupinsaat.com\/odullerimiz\/","url":"https:\/\/gulergroupinsaat.com\/odullerimiz\/","name":"\u00d6d\u00fcllerimiz - G\u00fcler Group","isPartOf":{"@id":"https:\/\/gulergroupinsaat.com\/#website"},"datePublished":"2025-03-14T20:56:42+00:00","dateModified":"2025-06-23T07:48:14+00:00","breadcrumb":{"@id":"https:\/\/gulergroupinsaat.com\/odullerimiz\/#breadcrumb"},"inLanguage":"en-GB","potentialAction":[{"@type":"ReadAction","target":["https:\/\/gulergroupinsaat.com\/odullerimiz\/"]}]},{"@type":"BreadcrumbList","@id":"https:\/\/gulergroupinsaat.com\/odullerimiz\/#breadcrumb","itemListElement":[{"@type":"ListItem","position":1,"name":"Anasayfa","item":"https:\/\/gulergroupinsaat.com\/"},{"@type":"ListItem","position":2,"name":"\u00d6d\u00fcllerimiz"}]},{"@type":"WebSite","@id":"https:\/\/gulergroupinsaat.com\/#website","url":"https:\/\/gulergroupinsaat.com\/","name":"G\u00fcler Group","description":"","publisher":{"@id":"https:\/\/gulergroupinsaat.com\/#organization"},"potentialAction":[{"@type":"SearchAction","target":{"@type":"EntryPoint","urlTemplate":"https:\/\/gulergroupinsaat.com\/?s={search_term_string}"},"query-input":"required name=search_term_string"}],"inLanguage":"en-GB"},{"@type":"Organization","@id":"https:\/\/gulergroupinsaat.com\/#organization","name":"G\u00fcler Group","url":"https:\/\/gulergroupinsaat.com\/","logo":{"@type":"ImageObject","inLanguage":"en-GB","@id":"https:\/\/gulergroupinsaat.com\/#\/schema\/logo\/image\/","url":"https:\/\/gulergroupinsaat.com\/wp-content\/uploads\/2024\/03\/lohoo.png","contentUrl":"https:\/\/gulergroupinsaat.com\/wp-content\/uploads\/2024\/03\/lohoo.png","width":794,"height":409,"caption":"G\u00fcler Group"},"image":{"@id":"https:\/\/gulergroupinsaat.com\/#\/schema\/logo\/image\/"},"sameAs":["https:\/\/www.instagram.com\/groupguler?igsh=MTd5MGxjd2Q4amE2NQ","https:\/\/www.linkedin.com\/company\/gler-group\/"]}]}},"_links":{"self":[{"href":"https:\/\/gulergroupinsaat.com\/en\/wp-json\/wp\/v2\/pages\/982","targetHints":{"allow":["GET"]}}],"collection":[{"href":"https:\/\/gulergroupinsaat.com\/en\/wp-json\/wp\/v2\/pages"}],"about":[{"href":"https:\/\/gulergroupinsaat.com\/en\/wp-json\/wp\/v2\/types\/page"}],"author":[{"embeddable":true,"href":"https:\/\/gulergroupinsaat.com\/en\/wp-json\/wp\/v2\/users\/1"}],"replies":[{"embeddable":true,"href":"https:\/\/gulergroupinsaat.com\/en\/wp-json\/wp\/v2\/comments?post=982"}],"version-history":[{"count":8,"href":"https:\/\/gulergroupinsaat.com\/en\/wp-json\/wp\/v2\/pages\/982\/revisions"}],"predecessor-version":[{"id":1013,"href":"https:\/\/gulergroupinsaat.com\/en\/wp-json\/wp\/v2\/pages\/982\/revisions\/1013"}],"wp:attachment":[{"href":"https:\/\/gulergroupinsaat.com\/en\/wp-json\/wp\/v2\/media?parent=982"}],"curies":[{"name":"wp","href":"https:\/\/api.w.org\/{rel}","templated":true}]}}