{"id":717,"date":"2024-03-13T18:13:58","date_gmt":"2024-03-13T15:13:58","guid":{"rendered":"https:\/\/gulergroupinsaat.com\/?page_id=717"},"modified":"2025-05-26T20:21:08","modified_gmt":"2025-05-26T17:21:08","slug":"projelerimiz","status":"publish","type":"page","link":"https:\/\/gulergroupinsaat.com\/en\/projelerimiz\/","title":{"rendered":"Our Projects"},"content":{"rendered":"<div data-vc-full-width=\"true\" data-vc-full-width-init=\"false\" data-vc-stretch-content=\"true\" class=\"vc_row wpb_row row vc_column-gap-4\"><div class=\"vc_column_container col-md-12\"><div class=\"wpb_wrapper vc_column-inner\">\n\t<div class=\"wpb_text_column wpb_content_element\" >\n\t\t<div class=\"wpb_wrapper\">\n\t\t\t\n\t\t<\/div>\n\t<\/div>\n<div id=\"porto-portfolio-9682\" class=\"porto-portfolios porto-portfolios45b44ec476cbcd4c0af85957c33a8fe9 wpb_content_element\">\n\t\n\t<div class=\"page-portfolios portfolios-grid clearfix\">\n\n\t\n\t\t\t<ul class=\"portfolio-filter nav sort-source sort-source-style-2\">\n\t\t\t<li class=\"active\" data-filter=\"*\"><a href=\"#\">Show All<\/a><\/li>\n\t\t\t\t\t\t\t<li data-filter=\"devam-eden-projeler\"><a href=\"#\">Ongoing Projects<\/a><\/li>\n\t\t\t\t\t\t\t<li data-filter=\"gelecek-projeler\"><a href=\"#\">Future Projects<\/a><\/li>\n\t\t\t\t\t\t\t<li data-filter=\"tamamlanan-projeler\"><a href=\"#\">Completed Projects<\/a><\/li>\n\t\t\t\t\t<\/ul>\n\t\t\t\t\t<hr>\n\t\t\t\n\t\t\t<div class=\"portfolio-row portfolio-row-3 default\">\n\n\t\n\t\t<article class=\"portfolio portfolio-grid portfolio-col-3 gelecek-projeler post-1015 type-portfolio status-publish has-post-thumbnail hentry portfolio_cat-gelecek-projeler\">\n\t\t<h3 class=\"entry-title\" style=\"display: none;\">AMANSARA<\/h3><span class=\"vcard\" style=\"display: none;\"><span class=\"fn\"><a href=\"https:\/\/gulergroupinsaat.com\/en\/author\/webliman\/\" title=\"Posts by WebLiman\" rel=\"author\">WebLiman<\/a><\/span><\/span><span class=\"updated\" style=\"display:none\">2025-06-25T23:40:31+03:00<\/span>\t\t<div class=\"portfolio-item default\">\n\t\t\t\n\t\t\t<a class=\"text-decoration-none portfolio-link\" href=\"https:\/\/gulergroupinsaat.com\/en\/projeler\/amansara\/\">\n\t\t\t\t<span class=\"thumb-info thumb-info-lighten\">\n\t\t\t\t\t<span class=\"thumb-info-wrapper\">\n\t\t\t\t\t\t\t\t\t\t\t\t\t\t\t<img decoding=\"async\" class=\"img-responsive\" src=\"https:\/\/gulergroupinsaat.com\/wp-content\/uploads\/2025\/06\/gulergroup-gelecek-proje.jpg\" alt=\"\" width=\"736\" height=\"736\" \/>\n\t\t\t\t\t\t\t\t\t\n\t\t\t\t\t\t\n\t\t\t\t\t\t\n\t\t\t\t\t\t\t\t\t\t\t\t\t\t\t\t<span class=\"thumb-info-title\">\n\n\t\t\t\t\t\t\t\t\t\t<span class=\"thumb-info-inner\">AMANSARA<\/span>\n\n\t\t\t\t\t\t\t\t\t\t\t\t\t\t\t\t\t\t\t\t\t<span class=\"thumb-info-type\">Future Projects<\/span>\n\t\t\t\t\t\t\t\t\t\t\n\t\t\t\t\t\t\t\t\t<\/span>\n\t\t\t\t\t\t\t\t\t\t\t\t\t\t\t\t\t\t\t\t\t\t\t\t\t\t\t\t\t\t\t<\/span>\n\t\t\t\t<\/span>\n\t\t\t<\/a>\n\t\t\t\t\t\t\t\t<\/div>\n\t<\/article>\n\t\t<article class=\"portfolio portfolio-grid portfolio-col-3 gelecek-projeler post-1008 type-portfolio status-publish has-post-thumbnail hentry portfolio_cat-gelecek-projeler\">\n\t\t<h3 class=\"entry-title\" style=\"display: none;\">SUADI\u0307YE PROJECT<\/h3><span class=\"vcard\" style=\"display: none;\"><span class=\"fn\"><a href=\"https:\/\/gulergroupinsaat.com\/en\/author\/webliman\/\" title=\"Posts by WebLiman\" rel=\"author\">WebLiman<\/a><\/span><\/span><span class=\"updated\" style=\"display:none\">2025-05-26T20:21:59+03:00<\/span>\t\t<div class=\"portfolio-item default\">\n\t\t\t\n\t\t\t<a class=\"text-decoration-none portfolio-link\" href=\"https:\/\/gulergroupinsaat.com\/en\/projeler\/suadiye-projesi\/\">\n\t\t\t\t<span class=\"thumb-info thumb-info-lighten\">\n\t\t\t\t\t<span class=\"thumb-info-wrapper\">\n\t\t\t\t\t\t\t\t\t\t\t\t\t\t\t<img decoding=\"async\" class=\"img-responsive\" src=\"https:\/\/gulergroupinsaat.com\/wp-content\/uploads\/2024\/03\/logo-2.png\" alt=\"\" width=\"768\" height=\"450\" \/>\n\t\t\t\t\t\t\t\t\t\n\t\t\t\t\t\t\n\t\t\t\t\t\t\n\t\t\t\t\t\t\t\t\t\t\t\t\t\t\t\t<span class=\"thumb-info-title\">\n\n\t\t\t\t\t\t\t\t\t\t<span class=\"thumb-info-inner\">SUADI\u0307YE PROJECT<\/span>\n\n\t\t\t\t\t\t\t\t\t\t\t\t\t\t\t\t\t\t\t\t\t<span class=\"thumb-info-type\">Future Projects<\/span>\n\t\t\t\t\t\t\t\t\t\t\n\t\t\t\t\t\t\t\t\t<\/span>\n\t\t\t\t\t\t\t\t\t\t\t\t\t\t\t\t\t\t\t\t\t\t\t\t\t\t\t\t\t\t\t<\/span>\n\t\t\t\t<\/span>\n\t\t\t<\/a>\n\t\t\t\t\t\t\t\t<\/div>\n\t<\/article>\n\t\t<article class=\"portfolio portfolio-grid portfolio-col-3 gelecek-projeler post-1001 type-portfolio status-publish has-post-thumbnail hentry portfolio_cat-gelecek-projeler\">\n\t\t<h3 class=\"entry-title\" style=\"display: none;\">KALAMI\u015e PROJECT<\/h3><span class=\"vcard\" style=\"display: none;\"><span class=\"fn\"><a href=\"https:\/\/gulergroupinsaat.com\/en\/author\/webliman\/\" title=\"Posts by WebLiman\" rel=\"author\">WebLiman<\/a><\/span><\/span><span class=\"updated\" style=\"display:none\">2025-05-26T20:17:56+03:00<\/span>\t\t<div class=\"portfolio-item default\">\n\t\t\t\n\t\t\t<a class=\"text-decoration-none portfolio-link\" href=\"https:\/\/gulergroupinsaat.com\/en\/projeler\/kalamis-projesi\/\">\n\t\t\t\t<span class=\"thumb-info thumb-info-lighten\">\n\t\t\t\t\t<span class=\"thumb-info-wrapper\">\n\t\t\t\t\t\t\t\t\t\t\t\t\t\t\t<img decoding=\"async\" class=\"img-responsive\" src=\"https:\/\/gulergroupinsaat.com\/wp-content\/uploads\/2024\/03\/logo-2.png\" alt=\"\" width=\"768\" height=\"450\" \/>\n\t\t\t\t\t\t\t\t\t\n\t\t\t\t\t\t\n\t\t\t\t\t\t\n\t\t\t\t\t\t\t\t\t\t\t\t\t\t\t\t<span class=\"thumb-info-title\">\n\n\t\t\t\t\t\t\t\t\t\t<span class=\"thumb-info-inner\">KALAMI\u015e PROJECT<\/span>\n\n\t\t\t\t\t\t\t\t\t\t\t\t\t\t\t\t\t\t\t\t\t<span class=\"thumb-info-type\">Future Projects<\/span>\n\t\t\t\t\t\t\t\t\t\t\n\t\t\t\t\t\t\t\t\t<\/span>\n\t\t\t\t\t\t\t\t\t\t\t\t\t\t\t\t\t\t\t\t\t\t\t\t\t\t\t\t\t\t\t<\/span>\n\t\t\t\t<\/span>\n\t\t\t<\/a>\n\t\t\t\t\t\t\t\t<\/div>\n\t<\/article>\n\t\t<article class=\"portfolio portfolio-grid portfolio-col-3 devam-eden-projeler post-955 type-portfolio status-publish hentry portfolio_cat-devam-eden-projeler\">\n\t\t<h3 class=\"entry-title\" style=\"display: none;\">MONTENEGRO DOBROTA<\/h3><span class=\"vcard\" style=\"display: none;\"><span class=\"fn\"><a href=\"https:\/\/gulergroupinsaat.com\/en\/author\/webliman\/\" title=\"Posts by WebLiman\" rel=\"author\">WebLiman<\/a><\/span><\/span><span class=\"updated\" style=\"display:none\">2025-02-24T22:49:20+03:00<\/span>\t\t<div class=\"portfolio-item default\">\n\t\t\t\n\t\t\t<a class=\"text-decoration-none portfolio-link\" href=\"https:\/\/gulergroupinsaat.com\/en\/projeler\/dobrota\/\">\n\t\t\t\t<span class=\"thumb-info thumb-info-lighten\">\n\t\t\t\t\t<span class=\"thumb-info-wrapper\">\n\t\t\t\t\t\t\t\t\t\t\t\t\t\t\t<img decoding=\"async\" class=\"img-responsive\" src=\"https:\/\/gulergroupinsaat.com\/wp-content\/uploads\/2025\/02\/WhatsApp-Image-2025-02-19-at-10.06.14-1-1228x2048.png\" alt=\"\" width=\"1228\" height=\"2048\" \/>\n\t\t\t\t\t\t\t\t\t\n\t\t\t\t\t\t\n\t\t\t\t\t\t\n\t\t\t\t\t\t\t\t\t\t\t\t\t\t\t\t<span class=\"thumb-info-title\">\n\n\t\t\t\t\t\t\t\t\t\t<span class=\"thumb-info-inner\">MONTENEGRO DOBROTA<\/span>\n\n\t\t\t\t\t\t\t\t\t\t\t\t\t\t\t\t\t\t\t\t\t<span class=\"thumb-info-type\">Ongoing Projects<\/span>\n\t\t\t\t\t\t\t\t\t\t\n\t\t\t\t\t\t\t\t\t<\/span>\n\t\t\t\t\t\t\t\t\t\t\t\t\t\t\t\t\t\t\t\t\t\t\t\t\t\t\t\t\t\t\t<\/span>\n\t\t\t\t<\/span>\n\t\t\t<\/a>\n\t\t\t\t\t\t\t\t<\/div>\n\t<\/article>\n\t\t<article class=\"portfolio portfolio-grid portfolio-col-3 gelecek-projeler post-689 type-portfolio status-publish has-post-thumbnail hentry portfolio_cat-gelecek-projeler\">\n\t\t<h3 class=\"entry-title\" style=\"display: none;\">FRANKFURT - GERMANY<\/h3><span class=\"vcard\" style=\"display: none;\"><span class=\"fn\"><a href=\"https:\/\/gulergroupinsaat.com\/en\/author\/webliman\/\" title=\"Posts by WebLiman\" rel=\"author\">WebLiman<\/a><\/span><\/span><span class=\"updated\" style=\"display:none\">2025-02-24T22:48:20+03:00<\/span>\t\t<div class=\"portfolio-item default\">\n\t\t\t\n\t\t\t<a class=\"text-decoration-none portfolio-link\" href=\"https:\/\/gulergroupinsaat.com\/en\/projeler\/frankfurt-almanya\/\">\n\t\t\t\t<span class=\"thumb-info thumb-info-lighten\">\n\t\t\t\t\t<span class=\"thumb-info-wrapper\">\n\t\t\t\t\t\t\t\t\t\t\t\t\t\t\t<img decoding=\"async\" class=\"img-responsive\" src=\"https:\/\/gulergroupinsaat.com\/wp-content\/uploads\/2024\/03\/frankfurt.jpg\" alt=\"\" width=\"1600\" height=\"1200\" \/>\n\t\t\t\t\t\t\t\t\t\n\t\t\t\t\t\t\n\t\t\t\t\t\t\n\t\t\t\t\t\t\t\t\t\t\t\t\t\t\t\t<span class=\"thumb-info-title\">\n\n\t\t\t\t\t\t\t\t\t\t<span class=\"thumb-info-inner\">FRANKFURT - GERMANY<\/span>\n\n\t\t\t\t\t\t\t\t\t\t\t\t\t\t\t\t\t\t\t\t\t<span class=\"thumb-info-type\">Future Projects<\/span>\n\t\t\t\t\t\t\t\t\t\t\n\t\t\t\t\t\t\t\t\t<\/span>\n\t\t\t\t\t\t\t\t\t\t\t\t\t\t\t\t\t\t\t\t\t\t\t\t\t\t\t\t\t\t\t<\/span>\n\t\t\t\t<\/span>\n\t\t\t<\/a>\n\t\t\t\t\t\t\t\t<\/div>\n\t<\/article>\n\t\t<article class=\"portfolio portfolio-grid portfolio-col-3 devam-eden-projeler post-687 type-portfolio status-publish has-post-thumbnail hentry portfolio_cat-devam-eden-projeler\">\n\t\t<h3 class=\"entry-title\" style=\"display: none;\">KALAMIS<\/h3><span class=\"vcard\" style=\"display: none;\"><span class=\"fn\"><a href=\"https:\/\/gulergroupinsaat.com\/en\/author\/webliman\/\" title=\"Posts by WebLiman\" rel=\"author\">WebLiman<\/a><\/span><\/span><span class=\"updated\" style=\"display:none\">2025-02-12T16:02:03+03:00<\/span>\t\t<div class=\"portfolio-item default\">\n\t\t\t\n\t\t\t<a class=\"text-decoration-none portfolio-link\" href=\"https:\/\/gulergroupinsaat.com\/en\/projeler\/kalamis\/\">\n\t\t\t\t<span class=\"thumb-info thumb-info-lighten\">\n\t\t\t\t\t<span class=\"thumb-info-wrapper\">\n\t\t\t\t\t\t\t\t\t\t\t\t\t\t\t<img decoding=\"async\" class=\"img-responsive\" src=\"https:\/\/gulergroupinsaat.com\/wp-content\/uploads\/2025\/02\/WhatsApp-Image-2025-02-10-at-14.08.22-2.jpeg\" alt=\"\" width=\"1206\" height=\"1477\" \/>\n\t\t\t\t\t\t\t\t\t\n\t\t\t\t\t\t\n\t\t\t\t\t\t\n\t\t\t\t\t\t\t\t\t\t\t\t\t\t\t\t<span class=\"thumb-info-title\">\n\n\t\t\t\t\t\t\t\t\t\t<span class=\"thumb-info-inner\">KALAMIS<\/span>\n\n\t\t\t\t\t\t\t\t\t\t\t\t\t\t\t\t\t\t\t\t\t<span class=\"thumb-info-type\">Ongoing Projects<\/span>\n\t\t\t\t\t\t\t\t\t\t\n\t\t\t\t\t\t\t\t\t<\/span>\n\t\t\t\t\t\t\t\t\t\t\t\t\t\t\t\t\t\t\t\t\t\t\t\t\t\t\t\t\t\t\t<\/span>\n\t\t\t\t<\/span>\n\t\t\t<\/a>\n\t\t\t\t\t\t\t\t<\/div>\n\t<\/article>\n\t\t<article class=\"portfolio portfolio-grid portfolio-col-3 tamamlanan-projeler post-682 type-portfolio status-publish has-post-thumbnail hentry portfolio_cat-tamamlanan-projeler\">\n\t\t<h3 class=\"entry-title\" style=\"display: none;\">MONTENEGRO HERCEG NOVI<\/h3><span class=\"vcard\" style=\"display: none;\"><span class=\"fn\"><a href=\"https:\/\/gulergroupinsaat.com\/en\/author\/webliman\/\" title=\"Posts by WebLiman\" rel=\"author\">WebLiman<\/a><\/span><\/span><span class=\"updated\" style=\"display:none\">2025-02-24T22:49:06+03:00<\/span>\t\t<div class=\"portfolio-item default\">\n\t\t\t\n\t\t\t<a class=\"text-decoration-none portfolio-link\" href=\"https:\/\/gulergroupinsaat.com\/en\/projeler\/montegro\/\">\n\t\t\t\t<span class=\"thumb-info thumb-info-lighten\">\n\t\t\t\t\t<span class=\"thumb-info-wrapper\">\n\t\t\t\t\t\t\t\t\t\t\t\t\t\t\t<img decoding=\"async\" class=\"img-responsive\" src=\"https:\/\/gulergroupinsaat.com\/wp-content\/uploads\/2024\/03\/hercegnovi-4.jpg\" alt=\"\" width=\"1600\" height=\"1200\" \/>\n\t\t\t\t\t\t\t\t\t\n\t\t\t\t\t\t\n\t\t\t\t\t\t\n\t\t\t\t\t\t\t\t\t\t\t\t\t\t\t\t<span class=\"thumb-info-title\">\n\n\t\t\t\t\t\t\t\t\t\t<span class=\"thumb-info-inner\">MONTENEGRO HERCEG NOVI<\/span>\n\n\t\t\t\t\t\t\t\t\t\t\t\t\t\t\t\t\t\t\t\t\t<span class=\"thumb-info-type\">Completed Projects<\/span>\n\t\t\t\t\t\t\t\t\t\t\n\t\t\t\t\t\t\t\t\t<\/span>\n\t\t\t\t\t\t\t\t\t\t\t\t\t\t\t\t\t\t\t\t\t\t\t\t\t\t\t\t\t\t\t<\/span>\n\t\t\t\t<\/span>\n\t\t\t<\/a>\n\t\t\t\t\t\t\t\t<\/div>\n\t<\/article>\n\t\t<article class=\"portfolio portfolio-grid portfolio-col-3 tamamlanan-projeler post-675 type-portfolio status-publish has-post-thumbnail hentry portfolio_cat-tamamlanan-projeler\">\n\t\t<h3 class=\"entry-title\" style=\"display: none;\">KADIKOY BAGDAT STREET<\/h3><span class=\"vcard\" style=\"display: none;\"><span class=\"fn\"><a href=\"https:\/\/gulergroupinsaat.com\/en\/author\/webliman\/\" title=\"Posts by WebLiman\" rel=\"author\">WebLiman<\/a><\/span><\/span><span class=\"updated\" style=\"display:none\">2025-02-24T22:48:33+03:00<\/span>\t\t<div class=\"portfolio-item default\">\n\t\t\t\n\t\t\t<a class=\"text-decoration-none portfolio-link\" href=\"https:\/\/gulergroupinsaat.com\/en\/projeler\/kadikoy-bagdat\/\">\n\t\t\t\t<span class=\"thumb-info thumb-info-lighten\">\n\t\t\t\t\t<span class=\"thumb-info-wrapper\">\n\t\t\t\t\t\t\t\t\t\t\t\t\t\t\t<img decoding=\"async\" class=\"img-responsive\" src=\"https:\/\/gulergroupinsaat.com\/wp-content\/uploads\/2024\/03\/bagdat-1.jpg\" alt=\"\" width=\"1600\" height=\"1200\" \/>\n\t\t\t\t\t\t\t\t\t\n\t\t\t\t\t\t\n\t\t\t\t\t\t\n\t\t\t\t\t\t\t\t\t\t\t\t\t\t\t\t<span class=\"thumb-info-title\">\n\n\t\t\t\t\t\t\t\t\t\t<span class=\"thumb-info-inner\">KADIKOY BAGDAT STREET<\/span>\n\n\t\t\t\t\t\t\t\t\t\t\t\t\t\t\t\t\t\t\t\t\t<span class=\"thumb-info-type\">Completed Projects<\/span>\n\t\t\t\t\t\t\t\t\t\t\n\t\t\t\t\t\t\t\t\t<\/span>\n\t\t\t\t\t\t\t\t\t\t\t\t\t\t\t\t\t\t\t\t\t\t\t\t\t\t\t\t\t\t\t<\/span>\n\t\t\t\t<\/span>\n\t\t\t<\/a>\n\t\t\t\t\t\t\t\t<\/div>\n\t<\/article>\n\t\t<article class=\"portfolio portfolio-grid portfolio-col-3 tamamlanan-projeler post-663 type-portfolio status-publish has-post-thumbnail hentry portfolio_cat-tamamlanan-projeler\">\n\t\t<h3 class=\"entry-title\" style=\"display: none;\">MONTENEGRO BUDVA<\/h3><span class=\"vcard\" style=\"display: none;\"><span class=\"fn\"><a href=\"https:\/\/gulergroupinsaat.com\/en\/author\/webliman\/\" title=\"Posts by WebLiman\" rel=\"author\">WebLiman<\/a><\/span><\/span><span class=\"updated\" style=\"display:none\">2025-02-24T22:48:59+03:00<\/span>\t\t<div class=\"portfolio-item default\">\n\t\t\t\n\t\t\t<a class=\"text-decoration-none portfolio-link\" href=\"https:\/\/gulergroupinsaat.com\/en\/projeler\/budva\/\">\n\t\t\t\t<span class=\"thumb-info thumb-info-lighten\">\n\t\t\t\t\t<span class=\"thumb-info-wrapper\">\n\t\t\t\t\t\t\t\t\t\t\t\t\t\t\t<img decoding=\"async\" class=\"img-responsive\" src=\"https:\/\/gulergroupinsaat.com\/wp-content\/uploads\/2024\/03\/budva-2.jpg\" alt=\"\" width=\"1600\" height=\"1200\" \/>\n\t\t\t\t\t\t\t\t\t\n\t\t\t\t\t\t\n\t\t\t\t\t\t\n\t\t\t\t\t\t\t\t\t\t\t\t\t\t\t\t<span class=\"thumb-info-title\">\n\n\t\t\t\t\t\t\t\t\t\t<span class=\"thumb-info-inner\">MONTENEGRO BUDVA<\/span>\n\n\t\t\t\t\t\t\t\t\t\t\t\t\t\t\t\t\t\t\t\t\t<span class=\"thumb-info-type\">Completed Projects<\/span>\n\t\t\t\t\t\t\t\t\t\t\n\t\t\t\t\t\t\t\t\t<\/span>\n\t\t\t\t\t\t\t\t\t\t\t\t\t\t\t\t\t\t\t\t\t\t\t\t\t\t\t\t\t\t\t<\/span>\n\t\t\t\t<\/span>\n\t\t\t<\/a>\n\t\t\t\t\t\t\t\t<\/div>\n\t<\/article>\n\t\t<article class=\"portfolio portfolio-grid portfolio-col-3 gelecek-projeler post-791 type-portfolio status-publish hentry portfolio_cat-gelecek-projeler\">\n\t\t<h3 class=\"entry-title\" style=\"display: none;\">ACIBADEM<\/h3><span class=\"vcard\" style=\"display: none;\"><span class=\"fn\"><a href=\"https:\/\/gulergroupinsaat.com\/en\/author\/webliman\/\" title=\"Posts by WebLiman\" rel=\"author\">WebLiman<\/a><\/span><\/span><span class=\"updated\" style=\"display:none\">2025-04-09T22:04:12+03:00<\/span>\t\t<div class=\"portfolio-item default\">\n\t\t\t\n\t\t\t<a class=\"text-decoration-none portfolio-link\" href=\"https:\/\/gulergroupinsaat.com\/en\/projeler\/acibadem\/\">\n\t\t\t\t<span class=\"thumb-info thumb-info-lighten\">\n\t\t\t\t\t<span class=\"thumb-info-wrapper\">\n\t\t\t\t\t\t\t\t\t\t\t\t\t\t\t<img decoding=\"async\" class=\"img-responsive\" src=\"https:\/\/gulergroupinsaat.com\/wp-content\/uploads\/2024\/03\/logo-2.png\" alt=\"\" width=\"768\" height=\"450\" \/>\n\t\t\t\t\t\t\t\t\t\n\t\t\t\t\t\t\n\t\t\t\t\t\t\n\t\t\t\t\t\t\t\t\t\t\t\t\t\t\t\t<span class=\"thumb-info-title\">\n\n\t\t\t\t\t\t\t\t\t\t<span class=\"thumb-info-inner\">ACIBADEM<\/span>\n\n\t\t\t\t\t\t\t\t\t\t\t\t\t\t\t\t\t\t\t\t\t<span class=\"thumb-info-type\">Future Projects<\/span>\n\t\t\t\t\t\t\t\t\t\t\n\t\t\t\t\t\t\t\t\t<\/span>\n\t\t\t\t\t\t\t\t\t\t\t\t\t\t\t\t\t\t\t\t\t\t\t\t\t\t\t\t\t\t\t<\/span>\n\t\t\t\t<\/span>\n\t\t\t<\/a>\n\t\t\t\t\t\t\t\t<\/div>\n\t<\/article>\n\t\t<article class=\"portfolio portfolio-grid portfolio-col-3 tamamlanan-projeler post-640 type-portfolio status-publish has-post-thumbnail hentry portfolio_cat-tamamlanan-projeler\">\n\t\t<h3 class=\"entry-title\" style=\"display: none;\">BAKIRK\u00d6Y<\/h3><span class=\"vcard\" style=\"display: none;\"><span class=\"fn\"><a href=\"https:\/\/gulergroupinsaat.com\/en\/author\/webliman\/\" title=\"Posts by WebLiman\" rel=\"author\">WebLiman<\/a><\/span><\/span><span class=\"updated\" style=\"display:none\">2025-02-24T22:48:39+03:00<\/span>\t\t<div class=\"portfolio-item default\">\n\t\t\t\n\t\t\t<a class=\"text-decoration-none portfolio-link\" href=\"https:\/\/gulergroupinsaat.com\/en\/projeler\/bakirkoy\/\">\n\t\t\t\t<span class=\"thumb-info thumb-info-lighten\">\n\t\t\t\t\t<span class=\"thumb-info-wrapper\">\n\t\t\t\t\t\t\t\t\t\t\t\t\t\t\t<img decoding=\"async\" class=\"img-responsive\" src=\"https:\/\/gulergroupinsaat.com\/wp-content\/uploads\/2024\/03\/rios-3.jpg\" alt=\"\" width=\"1600\" height=\"1200\" \/>\n\t\t\t\t\t\t\t\t\t\n\t\t\t\t\t\t\n\t\t\t\t\t\t\n\t\t\t\t\t\t\t\t\t\t\t\t\t\t\t\t<span class=\"thumb-info-title\">\n\n\t\t\t\t\t\t\t\t\t\t<span class=\"thumb-info-inner\">BAKIRK\u00d6Y<\/span>\n\n\t\t\t\t\t\t\t\t\t\t\t\t\t\t\t\t\t\t\t\t\t<span class=\"thumb-info-type\">Completed Projects<\/span>\n\t\t\t\t\t\t\t\t\t\t\n\t\t\t\t\t\t\t\t\t<\/span>\n\t\t\t\t\t\t\t\t\t\t\t\t\t\t\t\t\t\t\t\t\t\t\t\t\t\t\t\t\t\t\t<\/span>\n\t\t\t\t<\/span>\n\t\t\t<\/a>\n\t\t\t\t\t\t\t\t<\/div>\n\t<\/article>\n\t\n\t\n\t\n\t\t<\/div>\n\n\t\n\t\t\t<input type=\"hidden\" class=\"shortcode-id\" value=\"45b44ec476cbcd4c0af85957c33a8fe9\"\/>\n\t\t\t\n\t<\/div>\n\n\t\n\t\n\t<\/div><\/div><\/div><\/div><div class=\"vc_row-full-width vc_clearfix\"><\/div>","protected":false},"excerpt":{"rendered":"Rios Edition Hotel\u00a0 2015 &nbsp; Rios Edition Hotel, 2015 y\u0131l\u0131nda Bak\u0131rk\u00f6y'de, \u0130stanbul'un en eski ve geleneksel semtlerinden biri olan Bak\u0131rk\u00f6y'de kurulmu\u015ftur. Konumu, Atak\u00f6y Marina'ya kom\u015fu olup, \u0130DO Vapur \u0130skelesi'ne sadece 15 metre mesafededir. Bu benzersiz konumuyla misafirlere \u015fehrin kalbinde bir konaklama deneyimi sunmaktad\u0131r. Rios Edition Hotel, 4 y\u0131ld\u0131zl\u0131 \u00f6zel bir konsept otel olarak tasarlanm\u0131\u015ft\u0131r. \u0130n\u015fa [...]","protected":false},"author":1,"featured_media":0,"parent":0,"menu_order":0,"comment_status":"closed","ping_status":"closed","template":"","meta":{"footnotes":""},"class_list":["post-717","page","type-page","status-publish","hentry"],"yoast_head":"<!-- This site is optimized with the Yoast SEO plugin v22.5 - https:\/\/yoast.com\/wordpress\/plugins\/seo\/ -->\n<title>Projelerimiz - G\u00fcler Group<\/title>\n<meta name=\"robots\" content=\"index, follow, max-snippet:-1, max-image-preview:large, max-video-preview:-1\" \/>\n<link rel=\"canonical\" href=\"https:\/\/gulergroupinsaat.com\/en\/projelerimiz\/\" \/>\n<meta property=\"og:locale\" content=\"en_GB\" \/>\n<meta property=\"og:type\" content=\"article\" \/>\n<meta property=\"og:title\" content=\"Projelerimiz - G\u00fcler Group\" \/>\n<meta property=\"og:url\" content=\"https:\/\/gulergroupinsaat.com\/en\/projelerimiz\/\" \/>\n<meta property=\"og:site_name\" content=\"G\u00fcler Group\" \/>\n<meta property=\"article:modified_time\" content=\"2025-05-26T17:21:08+00:00\" \/>\n<meta property=\"og:image\" content=\"https:\/\/gulergroupinsaat.com\/wp-content\/uploads\/2024\/03\/lohoo.png\" \/>\n\t<meta property=\"og:image:width\" content=\"794\" \/>\n\t<meta property=\"og:image:height\" content=\"409\" \/>\n\t<meta property=\"og:image:type\" content=\"image\/png\" \/>\n<meta name=\"twitter:card\" content=\"summary_large_image\" \/>\n<script type=\"application\/ld+json\" class=\"yoast-schema-graph\">{\"@context\":\"https:\/\/schema.org\",\"@graph\":[{\"@type\":\"WebPage\",\"@id\":\"https:\/\/gulergroupinsaat.com\/projelerimiz\/\",\"url\":\"https:\/\/gulergroupinsaat.com\/projelerimiz\/\",\"name\":\"Projelerimiz - G\u00fcler Group\",\"isPartOf\":{\"@id\":\"https:\/\/gulergroupinsaat.com\/#website\"},\"datePublished\":\"2024-03-13T15:13:58+00:00\",\"dateModified\":\"2025-05-26T17:21:08+00:00\",\"breadcrumb\":{\"@id\":\"https:\/\/gulergroupinsaat.com\/projelerimiz\/#breadcrumb\"},\"inLanguage\":\"en-GB\",\"potentialAction\":[{\"@type\":\"ReadAction\",\"target\":[\"https:\/\/gulergroupinsaat.com\/projelerimiz\/\"]}]},{\"@type\":\"BreadcrumbList\",\"@id\":\"https:\/\/gulergroupinsaat.com\/projelerimiz\/#breadcrumb\",\"itemListElement\":[{\"@type\":\"ListItem\",\"position\":1,\"name\":\"Anasayfa\",\"item\":\"https:\/\/gulergroupinsaat.com\/\"},{\"@type\":\"ListItem\",\"position\":2,\"name\":\"Projelerimiz\"}]},{\"@type\":\"WebSite\",\"@id\":\"https:\/\/gulergroupinsaat.com\/#website\",\"url\":\"https:\/\/gulergroupinsaat.com\/\",\"name\":\"G\u00fcler Group\",\"description\":\"\",\"publisher\":{\"@id\":\"https:\/\/gulergroupinsaat.com\/#organization\"},\"potentialAction\":[{\"@type\":\"SearchAction\",\"target\":{\"@type\":\"EntryPoint\",\"urlTemplate\":\"https:\/\/gulergroupinsaat.com\/?s={search_term_string}\"},\"query-input\":\"required name=search_term_string\"}],\"inLanguage\":\"en-GB\"},{\"@type\":\"Organization\",\"@id\":\"https:\/\/gulergroupinsaat.com\/#organization\",\"name\":\"G\u00fcler Group\",\"url\":\"https:\/\/gulergroupinsaat.com\/\",\"logo\":{\"@type\":\"ImageObject\",\"inLanguage\":\"en-GB\",\"@id\":\"https:\/\/gulergroupinsaat.com\/#\/schema\/logo\/image\/\",\"url\":\"https:\/\/gulergroupinsaat.com\/wp-content\/uploads\/2024\/03\/lohoo.png\",\"contentUrl\":\"https:\/\/gulergroupinsaat.com\/wp-content\/uploads\/2024\/03\/lohoo.png\",\"width\":794,\"height\":409,\"caption\":\"G\u00fcler Group\"},\"image\":{\"@id\":\"https:\/\/gulergroupinsaat.com\/#\/schema\/logo\/image\/\"},\"sameAs\":[\"https:\/\/www.instagram.com\/groupguler?igsh=MTd5MGxjd2Q4amE2NQ\",\"https:\/\/www.linkedin.com\/company\/gler-group\/\"]}]}<\/script>\n<!-- \/ Yoast SEO plugin. -->","yoast_head_json":{"title":"Projelerimiz - G\u00fcler Group","robots":{"index":"index","follow":"follow","max-snippet":"max-snippet:-1","max-image-preview":"max-image-preview:large","max-video-preview":"max-video-preview:-1"},"canonical":"https:\/\/gulergroupinsaat.com\/en\/projelerimiz\/","og_locale":"en_GB","og_type":"article","og_title":"Projelerimiz - G\u00fcler Group","og_url":"https:\/\/gulergroupinsaat.com\/en\/projelerimiz\/","og_site_name":"G\u00fcler Group","article_modified_time":"2025-05-26T17:21:08+00:00","og_image":[{"width":794,"height":409,"url":"https:\/\/gulergroupinsaat.com\/wp-content\/uploads\/2024\/03\/lohoo.png","type":"image\/png"}],"twitter_card":"summary_large_image","schema":{"@context":"https:\/\/schema.org","@graph":[{"@type":"WebPage","@id":"https:\/\/gulergroupinsaat.com\/projelerimiz\/","url":"https:\/\/gulergroupinsaat.com\/projelerimiz\/","name":"Projelerimiz - G\u00fcler Group","isPartOf":{"@id":"https:\/\/gulergroupinsaat.com\/#website"},"datePublished":"2024-03-13T15:13:58+00:00","dateModified":"2025-05-26T17:21:08+00:00","breadcrumb":{"@id":"https:\/\/gulergroupinsaat.com\/projelerimiz\/#breadcrumb"},"inLanguage":"en-GB","potentialAction":[{"@type":"ReadAction","target":["https:\/\/gulergroupinsaat.com\/projelerimiz\/"]}]},{"@type":"BreadcrumbList","@id":"https:\/\/gulergroupinsaat.com\/projelerimiz\/#breadcrumb","itemListElement":[{"@type":"ListItem","position":1,"name":"Anasayfa","item":"https:\/\/gulergroupinsaat.com\/"},{"@type":"ListItem","position":2,"name":"Projelerimiz"}]},{"@type":"WebSite","@id":"https:\/\/gulergroupinsaat.com\/#website","url":"https:\/\/gulergroupinsaat.com\/","name":"G\u00fcler Group","description":"","publisher":{"@id":"https:\/\/gulergroupinsaat.com\/#organization"},"potentialAction":[{"@type":"SearchAction","target":{"@type":"EntryPoint","urlTemplate":"https:\/\/gulergroupinsaat.com\/?s={search_term_string}"},"query-input":"required name=search_term_string"}],"inLanguage":"en-GB"},{"@type":"Organization","@id":"https:\/\/gulergroupinsaat.com\/#organization","name":"G\u00fcler Group","url":"https:\/\/gulergroupinsaat.com\/","logo":{"@type":"ImageObject","inLanguage":"en-GB","@id":"https:\/\/gulergroupinsaat.com\/#\/schema\/logo\/image\/","url":"https:\/\/gulergroupinsaat.com\/wp-content\/uploads\/2024\/03\/lohoo.png","contentUrl":"https:\/\/gulergroupinsaat.com\/wp-content\/uploads\/2024\/03\/lohoo.png","width":794,"height":409,"caption":"G\u00fcler Group"},"image":{"@id":"https:\/\/gulergroupinsaat.com\/#\/schema\/logo\/image\/"},"sameAs":["https:\/\/www.instagram.com\/groupguler?igsh=MTd5MGxjd2Q4amE2NQ","https:\/\/www.linkedin.com\/company\/gler-group\/"]}]}},"_links":{"self":[{"href":"https:\/\/gulergroupinsaat.com\/en\/wp-json\/wp\/v2\/pages\/717","targetHints":{"allow":["GET"]}}],"collection":[{"href":"https:\/\/gulergroupinsaat.com\/en\/wp-json\/wp\/v2\/pages"}],"about":[{"href":"https:\/\/gulergroupinsaat.com\/en\/wp-json\/wp\/v2\/types\/page"}],"author":[{"embeddable":true,"href":"https:\/\/gulergroupinsaat.com\/en\/wp-json\/wp\/v2\/users\/1"}],"replies":[{"embeddable":true,"href":"https:\/\/gulergroupinsaat.com\/en\/wp-json\/wp\/v2\/comments?post=717"}],"version-history":[{"count":5,"href":"https:\/\/gulergroupinsaat.com\/en\/wp-json\/wp\/v2\/pages\/717\/revisions"}],"predecessor-version":[{"id":1007,"href":"https:\/\/gulergroupinsaat.com\/en\/wp-json\/wp\/v2\/pages\/717\/revisions\/1007"}],"wp:attachment":[{"href":"https:\/\/gulergroupinsaat.com\/en\/wp-json\/wp\/v2\/media?parent=717"}],"curies":[{"name":"wp","href":"https:\/\/api.w.org\/{rel}","templated":true}]}}