{"id":486,"date":"2021-12-27T12:53:29","date_gmt":"2021-12-27T09:53:29","guid":{"rendered":"https:\/\/gulergroupinsaat.com\/?page_id=486"},"modified":"2024-03-16T20:01:31","modified_gmt":"2024-03-16T17:01:31","slug":"misyon","status":"publish","type":"page","link":"https:\/\/gulergroupinsaat.com\/en\/kurumsal\/misyon\/","title":{"rendered":"Vision - Mission"},"content":{"rendered":"<div id=\"whoweare\" class=\"vc_row wpb_row vc_custom_1638537853458 porto-inner-container\"><div class=\"porto-wrap-container container\"><div class=\"row\"><div class=\"vc_column_container col-md-6\"><div class=\"wpb_wrapper vc_column-inner\"><h2 style=\"font-size: 42px;line-height: 1.3;text-align: center;font-weight:900\" class=\"vc_custom_heading mb-3 ls-negative-1\">Our Mission<\/h2>\n\t<div class=\"wpb_text_column wpb_content_element\" >\n\t\t<div class=\"wpb_wrapper\">\n\t\t\t<p>Aware that the most indispensable element in the success of our projects is the human factor, we adopt as a principle to add value to the quality of life of our staff who dedicate their experience to their work. As G\u00fcler Group, in addition to maintaining our leadership in the construction sector, we continue to make a difference in the sector with a people-oriented approach.<\/p>\n<p>The basic principle of our company is based on maximizing the satisfaction and welfare of our employees. Because we know that a happy and motivated team forms the basis of successful projects. Therefore, we prioritize contributing to the quality of life of our staff and ensuring that they see their work as a lifestyle.<\/p>\n<p>By following technological developments closely, we place innovation at the center of our operation. We aim to continuously increase our quality by effectively integrating all kinds of technological advances and innovations in the construction world into all areas of our production processes. In this way, we strive to achieve sustainable improvement in environmental, social and economic terms.<\/p>\n<p><strong>Guler Group<\/strong> As, we are aware of our responsibility to our environment and society. For this reason, we take care to minimize environmental impacts when developing our projects and work in accordance with the principles of energy efficiency and sustainability. We actively participate in social responsibility projects and have the mission of implementing projects that will support economic development.<\/p>\n\n\t\t<\/div>\n\t<\/div>\n<\/div><\/div><div class=\"vc_column_container col-md-6\"><div class=\"wpb_wrapper vc_column-inner\">\n\t<div class=\"wpb_single_image wpb_content_element vc_align_center\">\n\t\t<div class=\"wpb_wrapper\">\n\t\t\t\n\t\t\t<div class=\"vc_single_image-wrapper vc_box_outline_circle  vc_box_border_grey\"><img decoding=\"async\" class=\"vc_single_image-img\" src=\"https:\/\/gulergroupinsaat.com\/wp-content\/uploads\/2024\/03\/hercegnovi-6-1200x1200.jpg\" width=\"1200\" height=\"1200\" alt=\"hercegnovi (6)\" title=\"hercegnovi (6)\" \/><\/div>\n\t\t<\/div>\n\t<\/div>\n<\/div><\/div><\/div><\/div><\/div><div class=\"vc_row wpb_row row\"><div class=\"vc_column_container col-md-6\"><div class=\"wpb_wrapper vc_column-inner\">\n\t<div class=\"wpb_single_image wpb_content_element vc_align_center  vc_custom_1710222153134\">\n\t\t<div class=\"wpb_wrapper\">\n\t\t\t\n\t\t\t<div class=\"vc_single_image-wrapper vc_box_outline_circle  vc_box_border_grey\"><img decoding=\"async\" class=\"vc_single_image-img\" src=\"https:\/\/gulergroupinsaat.com\/wp-content\/uploads\/2024\/03\/hercegnovi-2-1200x1200.jpg\" width=\"1200\" height=\"1200\" alt=\"hercegnovi (2)\" title=\"hercegnovi (2)\" \/><\/div>\n\t\t<\/div>\n\t<\/div>\n<\/div><\/div><div class=\"vc_column_container col-md-6\"><div class=\"wpb_wrapper vc_column-inner\"><h2 style=\"font-size: 42px;line-height: 1.3;text-align: center;font-weight:900\" class=\"vc_custom_heading mb-3 ls-negative-1\">Our Vision<\/h2>\n\t<div class=\"wpb_text_column wpb_content_element\" >\n\t\t<div class=\"wpb_wrapper\">\n\t\t\t<p><strong>Guler Group<\/strong> As a company, we stand out in the international arena as a company that has high standards and closely follows the latest technology life trends. Our mission is to offer the individuals and institutions we serve not only their dreams, but also reliable, economical and privileged investments that will create value, and to be a dynamic company that develops together.<\/p>\n<p>We continue our determination to offer quality and reliable living spaces to our customers by adopting internationally accepted high standards in our investments. By closely following the latest technology life trends, we harmonize our projects with the requirements of the age and offer modern, comfortable and original solutions to our customers.<\/p>\n<p><strong>Guler Group<\/strong> As, we aim to create a strong cooperation and relationship network with the people and institutions we serve, by keeping customer satisfaction at the highest level. While turning the projects they dream of into reality, we provide added value to our customers by offering economically sustainable and value-creating investments.<\/p>\n\n\t\t<\/div>\n\t<\/div>\n<\/div><\/div><\/div>","protected":false},"excerpt":{"rendered":"Misyonumuz Projelerimizin ba\u015far\u0131s\u0131ndaki en vazge\u00e7ilmez unsurun insan fakt\u00f6r\u00fc oldu\u011funun bilinciyle, tecr\u00fcbelerini i\u015fe adam\u0131\u015f personelimizin ya\u015fam kalitesine de\u011fer katmay\u0131 ilke ediniyoruz. G\u00fcler Group olarak, in\u015faat sekt\u00f6r\u00fcndeki liderli\u011fimizi s\u00fcrd\u00fcrmenin yan\u0131 s\u0131ra, insan odakl\u0131 bir yakla\u015f\u0131mla sekt\u00f6rde fark yaratmaya devam ediyoruz. Firmam\u0131z\u0131n temel ilkesi, \u00e7al\u0131\u015fanlar\u0131m\u0131z\u0131n memnuniyetini ve refah\u0131n\u0131 en \u00fcst d\u00fczeye \u00e7\u0131karmak \u00fczerine kurulmu\u015ftur. \u00c7\u00fcnk\u00fc biliyoruz ki mutlu [...]","protected":false},"author":1,"featured_media":0,"parent":26,"menu_order":0,"comment_status":"closed","ping_status":"closed","template":"","meta":{"footnotes":""},"class_list":["post-486","page","type-page","status-publish","hentry"],"yoast_head":"<!-- This site is optimized with the Yoast SEO plugin v22.5 - https:\/\/yoast.com\/wordpress\/plugins\/seo\/ -->\n<title>Vizyon - Misyon - G\u00fcler Group<\/title>\n<meta name=\"robots\" content=\"index, follow, max-snippet:-1, max-image-preview:large, max-video-preview:-1\" \/>\n<link rel=\"canonical\" href=\"https:\/\/gulergroupinsaat.com\/en\/kurumsal\/misyon\/\" \/>\n<meta property=\"og:locale\" content=\"en_GB\" \/>\n<meta property=\"og:type\" content=\"article\" \/>\n<meta property=\"og:title\" content=\"Vizyon - Misyon - G\u00fcler Group\" \/>\n<meta property=\"og:url\" content=\"https:\/\/gulergroupinsaat.com\/en\/kurumsal\/misyon\/\" \/>\n<meta property=\"og:site_name\" content=\"G\u00fcler Group\" \/>\n<meta property=\"article:modified_time\" content=\"2024-03-16T17:01:31+00:00\" \/>\n<meta property=\"og:image\" content=\"https:\/\/gulergroupinsaat.com\/wp-content\/uploads\/2024\/03\/lohoo.png\" \/>\n\t<meta property=\"og:image:width\" content=\"794\" \/>\n\t<meta property=\"og:image:height\" content=\"409\" \/>\n\t<meta property=\"og:image:type\" content=\"image\/png\" \/>\n<meta name=\"twitter:card\" content=\"summary_large_image\" \/>\n<meta name=\"twitter:label1\" content=\"Estimated reading time\" \/>\n\t<meta name=\"twitter:data1\" content=\"3 minutes\" \/>\n<script type=\"application\/ld+json\" class=\"yoast-schema-graph\">{\"@context\":\"https:\/\/schema.org\",\"@graph\":[{\"@type\":\"WebPage\",\"@id\":\"https:\/\/gulergroupinsaat.com\/kurumsal\/misyon\/\",\"url\":\"https:\/\/gulergroupinsaat.com\/kurumsal\/misyon\/\",\"name\":\"Vizyon - Misyon - G\u00fcler Group\",\"isPartOf\":{\"@id\":\"https:\/\/gulergroupinsaat.com\/#website\"},\"datePublished\":\"2021-12-27T09:53:29+00:00\",\"dateModified\":\"2024-03-16T17:01:31+00:00\",\"breadcrumb\":{\"@id\":\"https:\/\/gulergroupinsaat.com\/kurumsal\/misyon\/#breadcrumb\"},\"inLanguage\":\"en-GB\",\"potentialAction\":[{\"@type\":\"ReadAction\",\"target\":[\"https:\/\/gulergroupinsaat.com\/kurumsal\/misyon\/\"]}]},{\"@type\":\"BreadcrumbList\",\"@id\":\"https:\/\/gulergroupinsaat.com\/kurumsal\/misyon\/#breadcrumb\",\"itemListElement\":[{\"@type\":\"ListItem\",\"position\":1,\"name\":\"Anasayfa\",\"item\":\"https:\/\/gulergroupinsaat.com\/\"},{\"@type\":\"ListItem\",\"position\":2,\"name\":\"Kurumsal\",\"item\":\"https:\/\/gulergroupinsaat.com\/kurumsal\/\"},{\"@type\":\"ListItem\",\"position\":3,\"name\":\"Vizyon &#8211; Misyon\"}]},{\"@type\":\"WebSite\",\"@id\":\"https:\/\/gulergroupinsaat.com\/#website\",\"url\":\"https:\/\/gulergroupinsaat.com\/\",\"name\":\"G\u00fcler Group\",\"description\":\"\",\"publisher\":{\"@id\":\"https:\/\/gulergroupinsaat.com\/#organization\"},\"potentialAction\":[{\"@type\":\"SearchAction\",\"target\":{\"@type\":\"EntryPoint\",\"urlTemplate\":\"https:\/\/gulergroupinsaat.com\/?s={search_term_string}\"},\"query-input\":\"required name=search_term_string\"}],\"inLanguage\":\"en-GB\"},{\"@type\":\"Organization\",\"@id\":\"https:\/\/gulergroupinsaat.com\/#organization\",\"name\":\"G\u00fcler Group\",\"url\":\"https:\/\/gulergroupinsaat.com\/\",\"logo\":{\"@type\":\"ImageObject\",\"inLanguage\":\"en-GB\",\"@id\":\"https:\/\/gulergroupinsaat.com\/#\/schema\/logo\/image\/\",\"url\":\"https:\/\/gulergroupinsaat.com\/wp-content\/uploads\/2024\/03\/lohoo.png\",\"contentUrl\":\"https:\/\/gulergroupinsaat.com\/wp-content\/uploads\/2024\/03\/lohoo.png\",\"width\":794,\"height\":409,\"caption\":\"G\u00fcler Group\"},\"image\":{\"@id\":\"https:\/\/gulergroupinsaat.com\/#\/schema\/logo\/image\/\"},\"sameAs\":[\"https:\/\/www.instagram.com\/groupguler?igsh=MTd5MGxjd2Q4amE2NQ\",\"https:\/\/www.linkedin.com\/company\/gler-group\/\"]}]}<\/script>\n<!-- \/ Yoast SEO plugin. -->","yoast_head_json":{"title":"Vizyon - Misyon - G\u00fcler Group","robots":{"index":"index","follow":"follow","max-snippet":"max-snippet:-1","max-image-preview":"max-image-preview:large","max-video-preview":"max-video-preview:-1"},"canonical":"https:\/\/gulergroupinsaat.com\/en\/kurumsal\/misyon\/","og_locale":"en_GB","og_type":"article","og_title":"Vizyon - Misyon - G\u00fcler Group","og_url":"https:\/\/gulergroupinsaat.com\/en\/kurumsal\/misyon\/","og_site_name":"G\u00fcler Group","article_modified_time":"2024-03-16T17:01:31+00:00","og_image":[{"width":794,"height":409,"url":"https:\/\/gulergroupinsaat.com\/wp-content\/uploads\/2024\/03\/lohoo.png","type":"image\/png"}],"twitter_card":"summary_large_image","twitter_misc":{"Estimated reading time":"3 minutes"},"schema":{"@context":"https:\/\/schema.org","@graph":[{"@type":"WebPage","@id":"https:\/\/gulergroupinsaat.com\/kurumsal\/misyon\/","url":"https:\/\/gulergroupinsaat.com\/kurumsal\/misyon\/","name":"Vizyon - Misyon - G\u00fcler Group","isPartOf":{"@id":"https:\/\/gulergroupinsaat.com\/#website"},"datePublished":"2021-12-27T09:53:29+00:00","dateModified":"2024-03-16T17:01:31+00:00","breadcrumb":{"@id":"https:\/\/gulergroupinsaat.com\/kurumsal\/misyon\/#breadcrumb"},"inLanguage":"en-GB","potentialAction":[{"@type":"ReadAction","target":["https:\/\/gulergroupinsaat.com\/kurumsal\/misyon\/"]}]},{"@type":"BreadcrumbList","@id":"https:\/\/gulergroupinsaat.com\/kurumsal\/misyon\/#breadcrumb","itemListElement":[{"@type":"ListItem","position":1,"name":"Anasayfa","item":"https:\/\/gulergroupinsaat.com\/"},{"@type":"ListItem","position":2,"name":"Kurumsal","item":"https:\/\/gulergroupinsaat.com\/kurumsal\/"},{"@type":"ListItem","position":3,"name":"Vizyon &#8211; Misyon"}]},{"@type":"WebSite","@id":"https:\/\/gulergroupinsaat.com\/#website","url":"https:\/\/gulergroupinsaat.com\/","name":"G\u00fcler Group","description":"","publisher":{"@id":"https:\/\/gulergroupinsaat.com\/#organization"},"potentialAction":[{"@type":"SearchAction","target":{"@type":"EntryPoint","urlTemplate":"https:\/\/gulergroupinsaat.com\/?s={search_term_string}"},"query-input":"required name=search_term_string"}],"inLanguage":"en-GB"},{"@type":"Organization","@id":"https:\/\/gulergroupinsaat.com\/#organization","name":"G\u00fcler Group","url":"https:\/\/gulergroupinsaat.com\/","logo":{"@type":"ImageObject","inLanguage":"en-GB","@id":"https:\/\/gulergroupinsaat.com\/#\/schema\/logo\/image\/","url":"https:\/\/gulergroupinsaat.com\/wp-content\/uploads\/2024\/03\/lohoo.png","contentUrl":"https:\/\/gulergroupinsaat.com\/wp-content\/uploads\/2024\/03\/lohoo.png","width":794,"height":409,"caption":"G\u00fcler Group"},"image":{"@id":"https:\/\/gulergroupinsaat.com\/#\/schema\/logo\/image\/"},"sameAs":["https:\/\/www.instagram.com\/groupguler?igsh=MTd5MGxjd2Q4amE2NQ","https:\/\/www.linkedin.com\/company\/gler-group\/"]}]}},"_links":{"self":[{"href":"https:\/\/gulergroupinsaat.com\/en\/wp-json\/wp\/v2\/pages\/486","targetHints":{"allow":["GET"]}}],"collection":[{"href":"https:\/\/gulergroupinsaat.com\/en\/wp-json\/wp\/v2\/pages"}],"about":[{"href":"https:\/\/gulergroupinsaat.com\/en\/wp-json\/wp\/v2\/types\/page"}],"author":[{"embeddable":true,"href":"https:\/\/gulergroupinsaat.com\/en\/wp-json\/wp\/v2\/users\/1"}],"replies":[{"embeddable":true,"href":"https:\/\/gulergroupinsaat.com\/en\/wp-json\/wp\/v2\/comments?post=486"}],"version-history":[{"count":6,"href":"https:\/\/gulergroupinsaat.com\/en\/wp-json\/wp\/v2\/pages\/486\/revisions"}],"predecessor-version":[{"id":841,"href":"https:\/\/gulergroupinsaat.com\/en\/wp-json\/wp\/v2\/pages\/486\/revisions\/841"}],"up":[{"embeddable":true,"href":"https:\/\/gulergroupinsaat.com\/en\/wp-json\/wp\/v2\/pages\/26"}],"wp:attachment":[{"href":"https:\/\/gulergroupinsaat.com\/en\/wp-json\/wp\/v2\/media?parent=486"}],"curies":[{"name":"wp","href":"https:\/\/api.w.org\/{rel}","templated":true}]}}