{"id":481,"date":"2021-12-27T12:51:33","date_gmt":"2021-12-27T09:51:33","guid":{"rendered":"https:\/\/gulergroupinsaat.com\/?page_id=481"},"modified":"2024-03-26T20:53:35","modified_gmt":"2024-03-26T17:53:35","slug":"vizyon","status":"publish","type":"page","link":"https:\/\/gulergroupinsaat.com\/en\/kurumsal\/vizyon\/","title":{"rendered":"About Us"},"content":{"rendered":"<div id=\"whoweare\" class=\"vc_row wpb_row vc_custom_1638537853458 porto-inner-container\"><div class=\"porto-wrap-container container\"><div class=\"row\"><div class=\"vc_column_container col-md-6\"><div class=\"wpb_wrapper vc_column-inner\"><h2 style=\"font-size: 42px;line-height: 1.3;font-weight:900\" class=\"vc_custom_heading mb-3 ls-negative-1 align-left\">About Us<\/h2>\n\t<div class=\"wpb_text_column wpb_content_element\" >\n\t\t<div class=\"wpb_wrapper\">\n\t\t\t<p><strong>G\u00fcler Group \u0130n\u015faat<\/strong>is a company that has been operating effectively in the tourism sector since 2005 and has adopted the mission of building modern structures that respect the environment. Beyond meeting customer needs, it aims to make the living spaces of houses and buildings more meaningful by focusing on spiritual satisfaction and aesthetic understanding.<\/p>\n<p>G\u00fcler Group, which aims to make its name known internationally as well as its successful investments throughout Turkey, has started to establish its presence in Europe with the projects it initiated in Montenegro. The company's expanding range, combined with its experience in the sector and its expert staff, promises to continue to undertake sustainable and innovative projects in various geographies.<\/p>\n<p><strong>Guler Group<\/strong>In addition to its successes in the construction sector, it also stands out with its experiences in the tourism sector. It is determined to maintain its quality service approach at the international level by prioritizing customer satisfaction. In its future projects, it aims to lead the sector and add value to society by taking into account the principles of minimizing environmental impact, energy efficiency and sustainability.<\/p>\n<p><strong>G\u00fcler Group \u0130n\u015faat<\/strong>By maintaining its leading position in the sector, it is taking firm steps towards becoming a globally recognized brand with innovative and sustainable projects.<\/p>\n\n\t\t<\/div>\n\t<\/div>\n<\/div><\/div><div class=\"vc_column_container col-md-6\"><div class=\"wpb_wrapper vc_column-inner\">\n\t<div class=\"wpb_single_image wpb_content_element vc_align_center  vc_custom_1710221876897\">\n\t\t<div class=\"wpb_wrapper\">\n\t\t\t\n\t\t\t<div class=\"vc_single_image-wrapper vc_box_outline_circle  vc_box_border_grey\"><img decoding=\"async\" class=\"vc_single_image-img\" src=\"https:\/\/gulergroupinsaat.com\/wp-content\/uploads\/2024\/03\/rios-3-1200x1200.jpg\" width=\"1200\" height=\"1200\" alt=\"rios (3)\" title=\"rios (3)\" \/><\/div>\n\t\t<\/div>\n\t<\/div>\n<\/div><\/div><\/div><\/div><\/div><div class=\"vc_row wpb_row row\"><div class=\"vc_column_container col-md-4\"><div class=\"wpb_wrapper vc_column-inner\"><div class=\"vc_separator vc_text_separator vc_separator_align_left vc_sep_width_100 vc_sep_pos_align_center\">\n\t<span class=\"vc_sep_holder vc_sep_holder_l\"><span style=\"background-image: -webkit-linear-gradient(left, transparent, grey);\t background-image: linear-gradient(to right, transparent, grey);height:2px;\" class=\"vc_sep_line\"><\/span><\/span>\n\t\t\t<div class=\"vc_icon_element vc_icon_element-outer vc_icon_element-align-left\"><div class=\"vc_icon_element-inner vc_icon_element-color-black vc_icon_element-size-md vc_icon_element-style- vc_icon_element-background-color-grey\" ><span class=\"vc_icon_element-icon fab fa-envira\" ><\/span><\/div><\/div>\t\t\t<h4>Respect for Nature<\/h4>\t<span class=\"vc_sep_holder vc_sep_holder_r\"><span style=\"background-image: -webkit-linear-gradient(left, grey, transparent);\t background-image: linear-gradient(to right, grey, transparent);height:2px;\" class=\"vc_sep_line\"><\/span><\/span>\n<\/div>\n\n\t<div class=\"wpb_text_column wpb_content_element\" >\n\t\t<div class=\"wpb_wrapper\">\n\t\t\t<p class=\"description\">Our priority is to set an example for future generations by adding value to nature and natural life, while achieving commercial success.<\/p>\n\n\t\t<\/div>\n\t<\/div>\n<\/div><\/div><div class=\"vc_column_container col-md-4\"><div class=\"wpb_wrapper vc_column-inner\"><div class=\"vc_separator vc_text_separator vc_separator_align_left vc_sep_width_100 vc_sep_pos_align_center\">\n\t<span class=\"vc_sep_holder vc_sep_holder_l\"><span style=\"background-image: -webkit-linear-gradient(left, transparent, grey);\t background-image: linear-gradient(to right, transparent, grey);\" class=\"vc_sep_line\"><\/span><\/span>\n\t\t\t<div class=\"vc_icon_element vc_icon_element-outer vc_icon_element-align-left\"><div class=\"vc_icon_element-inner vc_icon_element-color-black vc_icon_element-size-md vc_icon_element-style- vc_icon_element-background-color-grey\" ><span class=\"vc_icon_element-icon far fa-handshake\" ><\/span><\/div><\/div>\t\t\t<h4>HONESTY PRINCIPLE<\/h4>\t<span class=\"vc_sep_holder vc_sep_holder_r\"><span style=\"background-image: -webkit-linear-gradient(left, grey, transparent);\t background-image: linear-gradient(to right, grey, transparent);\" class=\"vc_sep_line\"><\/span><\/span>\n<\/div>\n\n\t<div class=\"wpb_text_column wpb_content_element\" >\n\t\t<div class=\"wpb_wrapper\">\n\t\t\t<p class=\"description\">We communicate openly, honestly and transparently and act in accordance with all existing laws, rules and principles.<\/p>\n\n\t\t<\/div>\n\t<\/div>\n<\/div><\/div><div class=\"vc_column_container col-md-4\"><div class=\"wpb_wrapper vc_column-inner\"><div class=\"vc_separator vc_text_separator vc_separator_align_left vc_sep_width_100 vc_sep_pos_align_center\">\n\t<span class=\"vc_sep_holder vc_sep_holder_l\"><span style=\"background-image: -webkit-linear-gradient(left, transparent, grey);\t background-image: linear-gradient(to right, transparent, grey);\" class=\"vc_sep_line\"><\/span><\/span>\n\t\t\t<div class=\"vc_icon_element vc_icon_element-outer vc_icon_element-align-left\"><div class=\"vc_icon_element-inner vc_icon_element-color-black vc_icon_element-size-md vc_icon_element-style- vc_icon_element-background-color-grey\" ><span class=\"vc_icon_element-icon entypo-icon entypo-icon-users\" ><\/span><\/div><\/div>\t\t\t<h4>CUSTOMER EXPERIENCE FOCUS<\/h4>\t<span class=\"vc_sep_holder vc_sep_holder_r\"><span style=\"background-image: -webkit-linear-gradient(left, grey, transparent);\t background-image: linear-gradient(to right, grey, transparent);\" class=\"vc_sep_line\"><\/span><\/span>\n<\/div>\n\n\t<div class=\"wpb_text_column wpb_content_element\" >\n\t\t<div class=\"wpb_wrapper\">\n\t\t\t<p class=\"description\">We design our services in all our work areas, taking into account the special needs of our customers.<\/p>\n\n\t\t<\/div>\n\t<\/div>\n<\/div><\/div><\/div>","protected":false},"excerpt":{"rendered":"Hakk\u0131m\u0131zda G\u00fcler Group \u0130n\u015faat, 2005 y\u0131l\u0131ndan bu yana turizm sekt\u00f6r\u00fcnde etkin bir \u015fekilde faaliyet g\u00f6steren ve \u00e7evreye sayg\u0131l\u0131, modern yap\u0131lar\u0131 in\u015fa etmeyi misyon edinmi\u015f bir firmad\u0131r. M\u00fc\u015fteri ihtiya\u00e7lar\u0131n\u0131 kar\u015f\u0131laman\u0131n \u00f6tesinde, ruhsal tatmin ve estetik anlay\u0131\u015fa odaklanarak evlerin ve binalar\u0131n ya\u015fam alanlar\u0131n\u0131 daha anlaml\u0131 hale getirmeyi hedeflemektedir. T\u00fcrkiye genelinde ger\u00e7ekle\u015ftirdi\u011fi ba\u015far\u0131l\u0131 yat\u0131r\u0131mlar\u0131n yan\u0131 s\u0131ra uluslararas\u0131 alanda [...]","protected":false},"author":1,"featured_media":0,"parent":26,"menu_order":0,"comment_status":"closed","ping_status":"closed","template":"","meta":{"footnotes":""},"class_list":["post-481","page","type-page","status-publish","hentry"],"yoast_head":"<!-- This site is optimized with the Yoast SEO plugin v22.5 - https:\/\/yoast.com\/wordpress\/plugins\/seo\/ -->\n<title>Hakk\u0131m\u0131zda - G\u00fcler Group<\/title>\n<meta name=\"robots\" content=\"index, follow, max-snippet:-1, max-image-preview:large, max-video-preview:-1\" \/>\n<link rel=\"canonical\" href=\"https:\/\/gulergroupinsaat.com\/en\/kurumsal\/vizyon\/\" \/>\n<meta property=\"og:locale\" content=\"en_GB\" \/>\n<meta property=\"og:type\" content=\"article\" \/>\n<meta property=\"og:title\" content=\"Hakk\u0131m\u0131zda - G\u00fcler Group\" \/>\n<meta property=\"og:url\" content=\"https:\/\/gulergroupinsaat.com\/en\/kurumsal\/vizyon\/\" \/>\n<meta property=\"og:site_name\" content=\"G\u00fcler Group\" \/>\n<meta property=\"article:modified_time\" content=\"2024-03-26T17:53:35+00:00\" \/>\n<meta property=\"og:image\" content=\"https:\/\/gulergroupinsaat.com\/wp-content\/uploads\/2024\/03\/lohoo.png\" \/>\n\t<meta property=\"og:image:width\" content=\"794\" \/>\n\t<meta property=\"og:image:height\" content=\"409\" \/>\n\t<meta property=\"og:image:type\" content=\"image\/png\" \/>\n<meta name=\"twitter:card\" content=\"summary_large_image\" \/>\n<meta name=\"twitter:label1\" content=\"Estimated reading time\" \/>\n\t<meta name=\"twitter:data1\" content=\"3 minutes\" \/>\n<script type=\"application\/ld+json\" class=\"yoast-schema-graph\">{\"@context\":\"https:\/\/schema.org\",\"@graph\":[{\"@type\":\"WebPage\",\"@id\":\"https:\/\/gulergroupinsaat.com\/kurumsal\/vizyon\/\",\"url\":\"https:\/\/gulergroupinsaat.com\/kurumsal\/vizyon\/\",\"name\":\"Hakk\u0131m\u0131zda - G\u00fcler Group\",\"isPartOf\":{\"@id\":\"https:\/\/gulergroupinsaat.com\/#website\"},\"datePublished\":\"2021-12-27T09:51:33+00:00\",\"dateModified\":\"2024-03-26T17:53:35+00:00\",\"breadcrumb\":{\"@id\":\"https:\/\/gulergroupinsaat.com\/kurumsal\/vizyon\/#breadcrumb\"},\"inLanguage\":\"en-GB\",\"potentialAction\":[{\"@type\":\"ReadAction\",\"target\":[\"https:\/\/gulergroupinsaat.com\/kurumsal\/vizyon\/\"]}]},{\"@type\":\"BreadcrumbList\",\"@id\":\"https:\/\/gulergroupinsaat.com\/kurumsal\/vizyon\/#breadcrumb\",\"itemListElement\":[{\"@type\":\"ListItem\",\"position\":1,\"name\":\"Anasayfa\",\"item\":\"https:\/\/gulergroupinsaat.com\/\"},{\"@type\":\"ListItem\",\"position\":2,\"name\":\"Kurumsal\",\"item\":\"https:\/\/gulergroupinsaat.com\/kurumsal\/\"},{\"@type\":\"ListItem\",\"position\":3,\"name\":\"Hakk\u0131m\u0131zda\"}]},{\"@type\":\"WebSite\",\"@id\":\"https:\/\/gulergroupinsaat.com\/#website\",\"url\":\"https:\/\/gulergroupinsaat.com\/\",\"name\":\"G\u00fcler Group\",\"description\":\"\",\"publisher\":{\"@id\":\"https:\/\/gulergroupinsaat.com\/#organization\"},\"potentialAction\":[{\"@type\":\"SearchAction\",\"target\":{\"@type\":\"EntryPoint\",\"urlTemplate\":\"https:\/\/gulergroupinsaat.com\/?s={search_term_string}\"},\"query-input\":\"required name=search_term_string\"}],\"inLanguage\":\"en-GB\"},{\"@type\":\"Organization\",\"@id\":\"https:\/\/gulergroupinsaat.com\/#organization\",\"name\":\"G\u00fcler Group\",\"url\":\"https:\/\/gulergroupinsaat.com\/\",\"logo\":{\"@type\":\"ImageObject\",\"inLanguage\":\"en-GB\",\"@id\":\"https:\/\/gulergroupinsaat.com\/#\/schema\/logo\/image\/\",\"url\":\"https:\/\/gulergroupinsaat.com\/wp-content\/uploads\/2024\/03\/lohoo.png\",\"contentUrl\":\"https:\/\/gulergroupinsaat.com\/wp-content\/uploads\/2024\/03\/lohoo.png\",\"width\":794,\"height\":409,\"caption\":\"G\u00fcler Group\"},\"image\":{\"@id\":\"https:\/\/gulergroupinsaat.com\/#\/schema\/logo\/image\/\"},\"sameAs\":[\"https:\/\/www.instagram.com\/groupguler?igsh=MTd5MGxjd2Q4amE2NQ\",\"https:\/\/www.linkedin.com\/company\/gler-group\/\"]}]}<\/script>\n<!-- \/ Yoast SEO plugin. -->","yoast_head_json":{"title":"Hakk\u0131m\u0131zda - G\u00fcler Group","robots":{"index":"index","follow":"follow","max-snippet":"max-snippet:-1","max-image-preview":"max-image-preview:large","max-video-preview":"max-video-preview:-1"},"canonical":"https:\/\/gulergroupinsaat.com\/en\/kurumsal\/vizyon\/","og_locale":"en_GB","og_type":"article","og_title":"Hakk\u0131m\u0131zda - G\u00fcler Group","og_url":"https:\/\/gulergroupinsaat.com\/en\/kurumsal\/vizyon\/","og_site_name":"G\u00fcler Group","article_modified_time":"2024-03-26T17:53:35+00:00","og_image":[{"width":794,"height":409,"url":"https:\/\/gulergroupinsaat.com\/wp-content\/uploads\/2024\/03\/lohoo.png","type":"image\/png"}],"twitter_card":"summary_large_image","twitter_misc":{"Estimated reading time":"3 minutes"},"schema":{"@context":"https:\/\/schema.org","@graph":[{"@type":"WebPage","@id":"https:\/\/gulergroupinsaat.com\/kurumsal\/vizyon\/","url":"https:\/\/gulergroupinsaat.com\/kurumsal\/vizyon\/","name":"Hakk\u0131m\u0131zda - G\u00fcler Group","isPartOf":{"@id":"https:\/\/gulergroupinsaat.com\/#website"},"datePublished":"2021-12-27T09:51:33+00:00","dateModified":"2024-03-26T17:53:35+00:00","breadcrumb":{"@id":"https:\/\/gulergroupinsaat.com\/kurumsal\/vizyon\/#breadcrumb"},"inLanguage":"en-GB","potentialAction":[{"@type":"ReadAction","target":["https:\/\/gulergroupinsaat.com\/kurumsal\/vizyon\/"]}]},{"@type":"BreadcrumbList","@id":"https:\/\/gulergroupinsaat.com\/kurumsal\/vizyon\/#breadcrumb","itemListElement":[{"@type":"ListItem","position":1,"name":"Anasayfa","item":"https:\/\/gulergroupinsaat.com\/"},{"@type":"ListItem","position":2,"name":"Kurumsal","item":"https:\/\/gulergroupinsaat.com\/kurumsal\/"},{"@type":"ListItem","position":3,"name":"Hakk\u0131m\u0131zda"}]},{"@type":"WebSite","@id":"https:\/\/gulergroupinsaat.com\/#website","url":"https:\/\/gulergroupinsaat.com\/","name":"G\u00fcler Group","description":"","publisher":{"@id":"https:\/\/gulergroupinsaat.com\/#organization"},"potentialAction":[{"@type":"SearchAction","target":{"@type":"EntryPoint","urlTemplate":"https:\/\/gulergroupinsaat.com\/?s={search_term_string}"},"query-input":"required name=search_term_string"}],"inLanguage":"en-GB"},{"@type":"Organization","@id":"https:\/\/gulergroupinsaat.com\/#organization","name":"G\u00fcler Group","url":"https:\/\/gulergroupinsaat.com\/","logo":{"@type":"ImageObject","inLanguage":"en-GB","@id":"https:\/\/gulergroupinsaat.com\/#\/schema\/logo\/image\/","url":"https:\/\/gulergroupinsaat.com\/wp-content\/uploads\/2024\/03\/lohoo.png","contentUrl":"https:\/\/gulergroupinsaat.com\/wp-content\/uploads\/2024\/03\/lohoo.png","width":794,"height":409,"caption":"G\u00fcler Group"},"image":{"@id":"https:\/\/gulergroupinsaat.com\/#\/schema\/logo\/image\/"},"sameAs":["https:\/\/www.instagram.com\/groupguler?igsh=MTd5MGxjd2Q4amE2NQ","https:\/\/www.linkedin.com\/company\/gler-group\/"]}]}},"_links":{"self":[{"href":"https:\/\/gulergroupinsaat.com\/en\/wp-json\/wp\/v2\/pages\/481","targetHints":{"allow":["GET"]}}],"collection":[{"href":"https:\/\/gulergroupinsaat.com\/en\/wp-json\/wp\/v2\/pages"}],"about":[{"href":"https:\/\/gulergroupinsaat.com\/en\/wp-json\/wp\/v2\/types\/page"}],"author":[{"embeddable":true,"href":"https:\/\/gulergroupinsaat.com\/en\/wp-json\/wp\/v2\/users\/1"}],"replies":[{"embeddable":true,"href":"https:\/\/gulergroupinsaat.com\/en\/wp-json\/wp\/v2\/comments?post=481"}],"version-history":[{"count":11,"href":"https:\/\/gulergroupinsaat.com\/en\/wp-json\/wp\/v2\/pages\/481\/revisions"}],"predecessor-version":[{"id":938,"href":"https:\/\/gulergroupinsaat.com\/en\/wp-json\/wp\/v2\/pages\/481\/revisions\/938"}],"up":[{"embeddable":true,"href":"https:\/\/gulergroupinsaat.com\/en\/wp-json\/wp\/v2\/pages\/26"}],"wp:attachment":[{"href":"https:\/\/gulergroupinsaat.com\/en\/wp-json\/wp\/v2\/media?parent=481"}],"curies":[{"name":"wp","href":"https:\/\/api.w.org\/{rel}","templated":true}]}}