{"id":26,"date":"2019-05-17T21:58:58","date_gmt":"2019-05-17T18:58:58","guid":{"rendered":"http:\/\/sw-themes.com\/porto_dummy\/?page_id=26"},"modified":"2021-12-27T12:49:58","modified_gmt":"2021-12-27T09:49:58","slug":"kurumsal","status":"publish","type":"page","link":"https:\/\/gulergroupinsaat.com\/en\/kurumsal\/","title":{"rendered":"Institutional"},"content":{"rendered":"<div id=\"whoweare\" class=\"vc_row wpb_row vc_custom_1638537853458 porto-inner-container\"><div class=\"porto-wrap-container container\"><div class=\"row\"><div class=\"vc_column_container col-md-6\"><div class=\"wpb_wrapper vc_column-inner\"><h2 style=\"font-size: 42px;line-height: 1.3;font-weight:900\" class=\"vc_custom_heading mb-3 ls-negative-1 align-left\">\u00c7a\u011fda\u015f, hizmet ve kalite anlay\u0131\u015f\u0131<\/h2>\n\t<div class=\"wpb_text_column wpb_content_element\" >\n\t\t<div class=\"wpb_wrapper\">\n\t\t\t<p>Konutun \u00f6tesinde, bir kavram i\u00e7erisinde insanlara ya\u015fanacak mekanlar ve ya\u015fam bi\u00e7imi sunan \u00c7a\u011fda\u015f \u015eirketler Grubu, sekt\u00f6rde 29. y\u0131l\u0131n\u0131 tamamlad\u0131.<\/p>\n<p>Kendine \u00f6zg\u00fcn konut sistemleri ile nitelikli konut \u00fcretiminde yeni bir d\u00f6nem ba\u015flatan \u00c7a\u011fda\u015f, hizmet ve kalite anlay\u0131\u015f\u0131 ile \u00e7ok k\u0131sa bir s\u00fcrede T\u00fcrkiye\u2019nin \u00f6nde gelen konut ve mimarl\u0131k \u015firketleri aras\u0131nda sayg\u0131n bir yer elde etti.<\/p>\n<p>Deneyimli \u00e7al\u0131\u015fanlar\u0131 ile sekt\u00f6rde geli\u015fmeleri s\u00fcrekli takip eden \u00c7a\u011fda\u015f \u015eirketler Grubu, teknolojisi ve kalitesinin yan\u0131 s\u0131ra, \u00fcretti\u011fi konutlar\u0131 s\u00f6z verdi\u011fi tarihte hatta daha \u00f6ncesinde m\u00fclk sahiplerine teslim etmesiyle de son derece g\u00fcven veren bir kurulu\u015f olarak da tan\u0131nmaktad\u0131r.<\/p>\n\n\t\t<\/div>\n\t<\/div>\n<\/div><\/div><div class=\"vc_column_container col-md-6\"><div class=\"wpb_wrapper vc_column-inner\">\n\t<div class=\"wpb_single_image wpb_content_element vc_align_center\">\n\t\t<div class=\"wpb_wrapper\">\n\t\t\t\n\t\t\t<div class=\"vc_single_image-wrapper   vc_box_border_grey\"><img decoding=\"async\" width=\"846\" height=\"600\" src=\"https:\/\/gulergroupinsaat.com\/wp-content\/uploads\/2021\/12\/1_6882.jpg\" class=\"vc_single_image-img attachment-full\" alt=\"\" srcset=\"https:\/\/gulergroupinsaat.com\/wp-content\/uploads\/2021\/12\/1_6882.jpg 846w, https:\/\/gulergroupinsaat.com\/wp-content\/uploads\/2021\/12\/1_6882-768x545.jpg 768w, https:\/\/gulergroupinsaat.com\/wp-content\/uploads\/2021\/12\/1_6882-640x454.jpg 640w, https:\/\/gulergroupinsaat.com\/wp-content\/uploads\/2021\/12\/1_6882-400x284.jpg 400w, https:\/\/gulergroupinsaat.com\/wp-content\/uploads\/2021\/12\/1_6882-367x260.jpg 367w\" sizes=\"(max-width: 846px) 100vw, 846px\" \/><\/div>\n\t\t<\/div>\n\t<\/div>\n<\/div><\/div><\/div><\/div><\/div>","protected":false},"excerpt":{"rendered":"\u00c7a\u011fda\u015f, hizmet ve kalite anlay\u0131\u015f\u0131 Konutun \u00f6tesinde, bir kavram i\u00e7erisinde insanlara ya\u015fanacak mekanlar ve ya\u015fam bi\u00e7imi sunan \u00c7a\u011fda\u015f \u015eirketler Grubu, sekt\u00f6rde 29. y\u0131l\u0131n\u0131 tamamlad\u0131. Kendine \u00f6zg\u00fcn konut sistemleri ile nitelikli konut \u00fcretiminde yeni bir d\u00f6nem ba\u015flatan \u00c7a\u011fda\u015f, hizmet ve kalite anlay\u0131\u015f\u0131 ile \u00e7ok k\u0131sa bir s\u00fcrede T\u00fcrkiye\u2019nin \u00f6nde gelen konut ve mimarl\u0131k \u015firketleri aras\u0131nda sayg\u0131n [...]","protected":false},"author":1,"featured_media":0,"parent":0,"menu_order":0,"comment_status":"closed","ping_status":"closed","template":"","meta":{"footnotes":""},"class_list":["post-26","page","type-page","status-publish","hentry"],"yoast_head":"<!-- This site is optimized with the Yoast SEO plugin v22.5 - https:\/\/yoast.com\/wordpress\/plugins\/seo\/ -->\n<title>Kurumsal - G\u00fcler Group<\/title>\n<meta name=\"robots\" content=\"index, follow, max-snippet:-1, max-image-preview:large, max-video-preview:-1\" \/>\n<link rel=\"canonical\" href=\"https:\/\/gulergroupinsaat.com\/en\/kurumsal\/\" \/>\n<meta property=\"og:locale\" content=\"en_GB\" \/>\n<meta property=\"og:type\" content=\"article\" \/>\n<meta property=\"og:title\" content=\"Kurumsal - G\u00fcler Group\" \/>\n<meta property=\"og:url\" content=\"https:\/\/gulergroupinsaat.com\/en\/kurumsal\/\" \/>\n<meta property=\"og:site_name\" content=\"G\u00fcler Group\" \/>\n<meta property=\"article:modified_time\" content=\"2021-12-27T09:49:58+00:00\" \/>\n<meta property=\"og:image\" content=\"https:\/\/gulergroupinsaat.com\/wp-content\/uploads\/2024\/03\/lohoo.png\" \/>\n\t<meta property=\"og:image:width\" content=\"794\" \/>\n\t<meta property=\"og:image:height\" content=\"409\" \/>\n\t<meta property=\"og:image:type\" content=\"image\/png\" \/>\n<meta name=\"twitter:card\" content=\"summary_large_image\" \/>\n<meta name=\"twitter:label1\" content=\"Estimated reading time\" \/>\n\t<meta name=\"twitter:data1\" content=\"1 minute\" \/>\n<script type=\"application\/ld+json\" class=\"yoast-schema-graph\">{\"@context\":\"https:\/\/schema.org\",\"@graph\":[{\"@type\":\"WebPage\",\"@id\":\"https:\/\/gulergroupinsaat.com\/kurumsal\/\",\"url\":\"https:\/\/gulergroupinsaat.com\/kurumsal\/\",\"name\":\"Kurumsal - G\u00fcler Group\",\"isPartOf\":{\"@id\":\"https:\/\/gulergroupinsaat.com\/#website\"},\"datePublished\":\"2019-05-17T18:58:58+00:00\",\"dateModified\":\"2021-12-27T09:49:58+00:00\",\"breadcrumb\":{\"@id\":\"https:\/\/gulergroupinsaat.com\/kurumsal\/#breadcrumb\"},\"inLanguage\":\"en-GB\",\"potentialAction\":[{\"@type\":\"ReadAction\",\"target\":[\"https:\/\/gulergroupinsaat.com\/kurumsal\/\"]}]},{\"@type\":\"BreadcrumbList\",\"@id\":\"https:\/\/gulergroupinsaat.com\/kurumsal\/#breadcrumb\",\"itemListElement\":[{\"@type\":\"ListItem\",\"position\":1,\"name\":\"Anasayfa\",\"item\":\"https:\/\/gulergroupinsaat.com\/\"},{\"@type\":\"ListItem\",\"position\":2,\"name\":\"Kurumsal\"}]},{\"@type\":\"WebSite\",\"@id\":\"https:\/\/gulergroupinsaat.com\/#website\",\"url\":\"https:\/\/gulergroupinsaat.com\/\",\"name\":\"G\u00fcler Group\",\"description\":\"\",\"publisher\":{\"@id\":\"https:\/\/gulergroupinsaat.com\/#organization\"},\"potentialAction\":[{\"@type\":\"SearchAction\",\"target\":{\"@type\":\"EntryPoint\",\"urlTemplate\":\"https:\/\/gulergroupinsaat.com\/?s={search_term_string}\"},\"query-input\":\"required name=search_term_string\"}],\"inLanguage\":\"en-GB\"},{\"@type\":\"Organization\",\"@id\":\"https:\/\/gulergroupinsaat.com\/#organization\",\"name\":\"G\u00fcler Group\",\"url\":\"https:\/\/gulergroupinsaat.com\/\",\"logo\":{\"@type\":\"ImageObject\",\"inLanguage\":\"en-GB\",\"@id\":\"https:\/\/gulergroupinsaat.com\/#\/schema\/logo\/image\/\",\"url\":\"https:\/\/gulergroupinsaat.com\/wp-content\/uploads\/2024\/03\/lohoo.png\",\"contentUrl\":\"https:\/\/gulergroupinsaat.com\/wp-content\/uploads\/2024\/03\/lohoo.png\",\"width\":794,\"height\":409,\"caption\":\"G\u00fcler Group\"},\"image\":{\"@id\":\"https:\/\/gulergroupinsaat.com\/#\/schema\/logo\/image\/\"},\"sameAs\":[\"https:\/\/www.instagram.com\/groupguler?igsh=MTd5MGxjd2Q4amE2NQ\",\"https:\/\/www.linkedin.com\/company\/gler-group\/\"]}]}<\/script>\n<!-- \/ Yoast SEO plugin. -->","yoast_head_json":{"title":"Kurumsal - G\u00fcler Group","robots":{"index":"index","follow":"follow","max-snippet":"max-snippet:-1","max-image-preview":"max-image-preview:large","max-video-preview":"max-video-preview:-1"},"canonical":"https:\/\/gulergroupinsaat.com\/en\/kurumsal\/","og_locale":"en_GB","og_type":"article","og_title":"Kurumsal - G\u00fcler Group","og_url":"https:\/\/gulergroupinsaat.com\/en\/kurumsal\/","og_site_name":"G\u00fcler Group","article_modified_time":"2021-12-27T09:49:58+00:00","og_image":[{"width":794,"height":409,"url":"https:\/\/gulergroupinsaat.com\/wp-content\/uploads\/2024\/03\/lohoo.png","type":"image\/png"}],"twitter_card":"summary_large_image","twitter_misc":{"Estimated reading time":"1 minute"},"schema":{"@context":"https:\/\/schema.org","@graph":[{"@type":"WebPage","@id":"https:\/\/gulergroupinsaat.com\/kurumsal\/","url":"https:\/\/gulergroupinsaat.com\/kurumsal\/","name":"Kurumsal - G\u00fcler Group","isPartOf":{"@id":"https:\/\/gulergroupinsaat.com\/#website"},"datePublished":"2019-05-17T18:58:58+00:00","dateModified":"2021-12-27T09:49:58+00:00","breadcrumb":{"@id":"https:\/\/gulergroupinsaat.com\/kurumsal\/#breadcrumb"},"inLanguage":"en-GB","potentialAction":[{"@type":"ReadAction","target":["https:\/\/gulergroupinsaat.com\/kurumsal\/"]}]},{"@type":"BreadcrumbList","@id":"https:\/\/gulergroupinsaat.com\/kurumsal\/#breadcrumb","itemListElement":[{"@type":"ListItem","position":1,"name":"Anasayfa","item":"https:\/\/gulergroupinsaat.com\/"},{"@type":"ListItem","position":2,"name":"Kurumsal"}]},{"@type":"WebSite","@id":"https:\/\/gulergroupinsaat.com\/#website","url":"https:\/\/gulergroupinsaat.com\/","name":"G\u00fcler Group","description":"","publisher":{"@id":"https:\/\/gulergroupinsaat.com\/#organization"},"potentialAction":[{"@type":"SearchAction","target":{"@type":"EntryPoint","urlTemplate":"https:\/\/gulergroupinsaat.com\/?s={search_term_string}"},"query-input":"required name=search_term_string"}],"inLanguage":"en-GB"},{"@type":"Organization","@id":"https:\/\/gulergroupinsaat.com\/#organization","name":"G\u00fcler Group","url":"https:\/\/gulergroupinsaat.com\/","logo":{"@type":"ImageObject","inLanguage":"en-GB","@id":"https:\/\/gulergroupinsaat.com\/#\/schema\/logo\/image\/","url":"https:\/\/gulergroupinsaat.com\/wp-content\/uploads\/2024\/03\/lohoo.png","contentUrl":"https:\/\/gulergroupinsaat.com\/wp-content\/uploads\/2024\/03\/lohoo.png","width":794,"height":409,"caption":"G\u00fcler Group"},"image":{"@id":"https:\/\/gulergroupinsaat.com\/#\/schema\/logo\/image\/"},"sameAs":["https:\/\/www.instagram.com\/groupguler?igsh=MTd5MGxjd2Q4amE2NQ","https:\/\/www.linkedin.com\/company\/gler-group\/"]}]}},"_links":{"self":[{"href":"https:\/\/gulergroupinsaat.com\/en\/wp-json\/wp\/v2\/pages\/26","targetHints":{"allow":["GET"]}}],"collection":[{"href":"https:\/\/gulergroupinsaat.com\/en\/wp-json\/wp\/v2\/pages"}],"about":[{"href":"https:\/\/gulergroupinsaat.com\/en\/wp-json\/wp\/v2\/types\/page"}],"author":[{"embeddable":true,"href":"https:\/\/gulergroupinsaat.com\/en\/wp-json\/wp\/v2\/users\/1"}],"replies":[{"embeddable":true,"href":"https:\/\/gulergroupinsaat.com\/en\/wp-json\/wp\/v2\/comments?post=26"}],"version-history":[{"count":14,"href":"https:\/\/gulergroupinsaat.com\/en\/wp-json\/wp\/v2\/pages\/26\/revisions"}],"predecessor-version":[{"id":480,"href":"https:\/\/gulergroupinsaat.com\/en\/wp-json\/wp\/v2\/pages\/26\/revisions\/480"}],"wp:attachment":[{"href":"https:\/\/gulergroupinsaat.com\/en\/wp-json\/wp\/v2\/media?parent=26"}],"curies":[{"name":"wp","href":"https:\/\/api.w.org\/{rel}","templated":true}]}}